{"id":1757,"date":"2025-02-12T14:21:23","date_gmt":"2025-02-12T13:21:23","guid":{"rendered":"https:\/\/avlife.clusterwp.dergen.es\/?post_type=product&#038;p=1757"},"modified":"2026-04-16T16:29:40","modified_gmt":"2026-04-16T14:29:40","slug":"pack-fbt-cla604a-subwoofer-fbt-cla208sa","status":"publish","type":"product","link":"https:\/\/avlife.es\/en\/producto\/pack-fbt-cla604a-subwoofer-fbt-cla208sa\/","title":{"rendered":"Pack FBT CLA604A + CLA208SA"},"content":{"rendered":"<p data-start=\"436\" data-end=\"605\">El <strong data-start=\"439\" data-end=\"470\">pack FBT CLA604A + CLA208SA<\/strong> es un sistema de sonido profesional dise\u00f1ado para ofrecer cobertura uniforme, potencia y calidad en eventos y producciones en directo.<\/p>\n<p data-start=\"607\" data-end=\"868\">Este conjunto combina el <strong data-start=\"632\" data-end=\"666\">altavoz line array FBT CLA604A<\/strong>, encargado de medios y agudos, con el <strong data-start=\"705\" data-end=\"731\">subwoofer FBT CLA208SA<\/strong>, que aporta graves profundos y contundentes. El resultado es un sistema equilibrado capaz de cubrir espacios medianos con gran claridad.<\/p>\n<p data-start=\"870\" data-end=\"1148\">El <strong data-start=\"873\" data-end=\"892\">sistema FBT CLA<\/strong> destaca por su dise\u00f1o compacto tipo line array, que mejora la dispersi\u00f3n del sonido y permite una cobertura m\u00e1s homog\u00e9nea en comparaci\u00f3n con sistemas tradicionales. Es ideal para eventos corporativos, conciertos, conferencias y producciones audiovisuales.<\/p>\n<p data-start=\"1150\" data-end=\"1369\">Al tratarse de un sistema activo, facilita la instalaci\u00f3n y configuraci\u00f3n, reduciendo la necesidad de amplificaci\u00f3n externa. Es una soluci\u00f3n eficiente para t\u00e9cnicos que buscan calidad profesional en un formato compacto.<\/p>\n<h2 data-section-id=\"khejmk\" data-start=\"1376\" data-end=\"1397\">Especificaciones<\/h2>\n<ul data-start=\"1398\" data-end=\"1763\">\n<li data-section-id=\"1rpalqe\" data-start=\"1398\" data-end=\"1433\">Sistema: FBT CLA604A + CLA208SA<\/li>\n<li data-section-id=\"1r7yc7d\" data-start=\"1434\" data-end=\"1470\">Tipo: Line array compacto activo<\/li>\n<li data-section-id=\"76d154\" data-start=\"1471\" data-end=\"1507\">Altavoz: CLA604A (medios\/agudos)<\/li>\n<li data-section-id=\"1afhkir\" data-start=\"1508\" data-end=\"1540\">Subwoofer: CLA208SA (graves)<\/li>\n<li data-section-id=\"13rkeez\" data-start=\"1541\" data-end=\"1574\">Configuraci\u00f3n: Sistema activo<\/li>\n<li data-section-id=\"1qpl1kd\" data-start=\"1575\" data-end=\"1614\">Cobertura: Uniforme tipo line array<\/li>\n<li data-section-id=\"f3jwfm\" data-start=\"1615\" data-end=\"1654\">Potencia: Alta potencia profesional<\/li>\n<li data-section-id=\"4uh8s5\" data-start=\"1655\" data-end=\"1683\">Conectividad: XLR in\/out<\/li>\n<li data-section-id=\"1miuk66\" data-start=\"1684\" data-end=\"1721\">Uso: Eventos, conciertos, directo<\/li>\n<li data-section-id=\"1t4t8wo\" data-start=\"1722\" data-end=\"1763\">Aplicaciones: PA profesional compacto<\/li>\n<\/ul>\n<p>&nbsp;<\/p>\n","protected":false},"excerpt":{"rendered":"<p data-start=\"254\" data-end=\"406\">El <strong data-start=\"257\" data-end=\"288\">Pack FBT CLA604A + CLA208SA<\/strong> es un <strong data-start=\"295\" data-end=\"336\">sistema de sonido line array compacto<\/strong>, con <strong data-start=\"342\" data-end=\"375\">altavoces activos y subwoofer<\/strong>, ideal para eventos y directo.<\/p>\n","protected":false},"featured_media":6644,"comment_status":"closed","ping_status":"closed","template":"","meta":{"_acf_changed":false},"product_brand":[],"product_cat":[55],"product_tag":[],"class_list":{"0":"post-1757","1":"product","2":"type-product","3":"status-publish","4":"has-post-thumbnail","6":"product_cat-altavoces","8":"first","9":"instock","10":"shipping-taxable","11":"product-type-simple"},"acf":[],"yoast_head":"<!-- This site is optimized with the Yoast SEO plugin v27.4 - https:\/\/yoast.com\/product\/yoast-seo-wordpress\/ -->\n<title>Pack FBT CLA604A + CLA208SA | AV Life | Alquiler y soluciones audiovisuales profesionales para eventos<\/title>\n<meta name=\"description\" content=\"Pack Altavoz FBT CLA604A + Subwoofer FBT CLA208SA\" \/>\n<meta name=\"robots\" content=\"index, follow, max-snippet:-1, max-image-preview:large, max-video-preview:-1\" \/>\n<link rel=\"canonical\" href=\"https:\/\/avlife.es\/producto\/pack-fbt-cla604a-subwoofer-fbt-cla208sa\/\" \/>\n<meta property=\"og:locale\" content=\"en_US\" \/>\n<meta property=\"og:type\" content=\"article\" \/>\n<meta property=\"og:title\" content=\"Pack FBT CLA604A + CLA208SA | AV Life | Alquiler y soluciones audiovisuales profesionales para eventos\" \/>\n<meta property=\"og:description\" content=\"Pack Altavoz FBT CLA604A + Subwoofer FBT CLA208SA\" \/>\n<meta property=\"og:url\" content=\"https:\/\/avlife.es\/producto\/pack-fbt-cla604a-subwoofer-fbt-cla208sa\/\" \/>\n<meta property=\"og:site_name\" content=\"AV Life | Alquiler y soluciones audiovisuales profesionales para eventos\" \/>\n<meta property=\"article:modified_time\" content=\"2026-04-16T14:29:40+00:00\" \/>\n<meta property=\"og:image\" content=\"https:\/\/avlife.es\/wp-content\/uploads\/2025\/02\/Pack-Altavoz-FBT-CLA604A-Subwoofer-FBT-CLA208SA.png\" \/>\n\t<meta property=\"og:image:width\" content=\"750\" \/>\n\t<meta property=\"og:image:height\" content=\"1000\" \/>\n\t<meta property=\"og:image:type\" content=\"image\/png\" \/>\n<meta name=\"twitter:card\" content=\"summary_large_image\" \/>\n<meta name=\"twitter:label1\" content=\"Est. reading time\" \/>\n\t<meta name=\"twitter:data1\" content=\"1 minute\" \/>\n<script type=\"application\/ld+json\" class=\"yoast-schema-graph\">{\"@context\":\"https:\\\/\\\/schema.org\",\"@graph\":[{\"@type\":\"WebPage\",\"@id\":\"https:\\\/\\\/avlife.es\\\/producto\\\/pack-fbt-cla604a-subwoofer-fbt-cla208sa\\\/\",\"url\":\"https:\\\/\\\/avlife.es\\\/producto\\\/pack-fbt-cla604a-subwoofer-fbt-cla208sa\\\/\",\"name\":\"Pack FBT CLA604A + CLA208SA | AV Life | Alquiler y soluciones audiovisuales profesionales para eventos\",\"isPartOf\":{\"@id\":\"https:\\\/\\\/avlife.es\\\/#website\"},\"primaryImageOfPage\":{\"@id\":\"https:\\\/\\\/avlife.es\\\/producto\\\/pack-fbt-cla604a-subwoofer-fbt-cla208sa\\\/#primaryimage\"},\"image\":{\"@id\":\"https:\\\/\\\/avlife.es\\\/producto\\\/pack-fbt-cla604a-subwoofer-fbt-cla208sa\\\/#primaryimage\"},\"thumbnailUrl\":\"https:\\\/\\\/avlife.es\\\/wp-content\\\/uploads\\\/2025\\\/02\\\/Pack-Altavoz-FBT-CLA604A-Subwoofer-FBT-CLA208SA.png\",\"datePublished\":\"2025-02-12T13:21:23+00:00\",\"dateModified\":\"2026-04-16T14:29:40+00:00\",\"description\":\"Pack Altavoz FBT CLA604A + Subwoofer FBT CLA208SA\",\"breadcrumb\":{\"@id\":\"https:\\\/\\\/avlife.es\\\/producto\\\/pack-fbt-cla604a-subwoofer-fbt-cla208sa\\\/#breadcrumb\"},\"inLanguage\":\"en-US\",\"potentialAction\":[{\"@type\":\"ReadAction\",\"target\":[\"https:\\\/\\\/avlife.es\\\/producto\\\/pack-fbt-cla604a-subwoofer-fbt-cla208sa\\\/\"]}]},{\"@type\":\"ImageObject\",\"inLanguage\":\"en-US\",\"@id\":\"https:\\\/\\\/avlife.es\\\/producto\\\/pack-fbt-cla604a-subwoofer-fbt-cla208sa\\\/#primaryimage\",\"url\":\"https:\\\/\\\/avlife.es\\\/wp-content\\\/uploads\\\/2025\\\/02\\\/Pack-Altavoz-FBT-CLA604A-Subwoofer-FBT-CLA208SA.png\",\"contentUrl\":\"https:\\\/\\\/avlife.es\\\/wp-content\\\/uploads\\\/2025\\\/02\\\/Pack-Altavoz-FBT-CLA604A-Subwoofer-FBT-CLA208SA.png\",\"width\":750,\"height\":1000},{\"@type\":\"BreadcrumbList\",\"@id\":\"https:\\\/\\\/avlife.es\\\/producto\\\/pack-fbt-cla604a-subwoofer-fbt-cla208sa\\\/#breadcrumb\",\"itemListElement\":[{\"@type\":\"ListItem\",\"position\":1,\"name\":\"Portada\",\"item\":\"https:\\\/\\\/avlife.es\\\/en\\\/\"},{\"@type\":\"ListItem\",\"position\":2,\"name\":\"Productos\",\"item\":\"https:\\\/\\\/avlife.es\\\/shop\\\/\"},{\"@type\":\"ListItem\",\"position\":3,\"name\":\"Pack FBT CLA604A + CLA208SA\"}]},{\"@type\":\"WebSite\",\"@id\":\"https:\\\/\\\/avlife.es\\\/#website\",\"url\":\"https:\\\/\\\/avlife.es\\\/\",\"name\":\"Avlife\",\"description\":\"Soluciones audiovisuales integrales y alquiler de equipos para eventos y producciones: sonido, iluminaci\u00f3n, v\u00eddeo y equipo t\u00e9cnico profesional con resultados impecables.\",\"publisher\":{\"@id\":\"https:\\\/\\\/avlife.es\\\/#organization\"},\"alternateName\":\"Servicios audiovisuales para eventos, cine y publicidad\",\"potentialAction\":[{\"@type\":\"SearchAction\",\"target\":{\"@type\":\"EntryPoint\",\"urlTemplate\":\"https:\\\/\\\/avlife.es\\\/?s={search_term_string}\"},\"query-input\":{\"@type\":\"PropertyValueSpecification\",\"valueRequired\":true,\"valueName\":\"search_term_string\"}}],\"inLanguage\":\"en-US\"},{\"@type\":\"Organization\",\"@id\":\"https:\\\/\\\/avlife.es\\\/#organization\",\"name\":\"Avlife\",\"url\":\"https:\\\/\\\/avlife.es\\\/\",\"logo\":{\"@type\":\"ImageObject\",\"inLanguage\":\"en-US\",\"@id\":\"https:\\\/\\\/avlife.es\\\/#\\\/schema\\\/logo\\\/image\\\/\",\"url\":\"https:\\\/\\\/avlife.es\\\/wp-content\\\/uploads\\\/2025\\\/01\\\/cropped-Diseno-sin-titulo-3.png\",\"contentUrl\":\"https:\\\/\\\/avlife.es\\\/wp-content\\\/uploads\\\/2025\\\/01\\\/cropped-Diseno-sin-titulo-3.png\",\"width\":512,\"height\":512,\"caption\":\"Avlife\"},\"image\":{\"@id\":\"https:\\\/\\\/avlife.es\\\/#\\\/schema\\\/logo\\\/image\\\/\"}}]}<\/script>\n<!-- \/ Yoast SEO plugin. -->","yoast_head_json":{"title":"Pack FBT CLA604A + CLA208SA | AV Life | Alquiler y soluciones audiovisuales profesionales para eventos","description":"Pack Altavoz FBT CLA604A + Subwoofer FBT CLA208SA","robots":{"index":"index","follow":"follow","max-snippet":"max-snippet:-1","max-image-preview":"max-image-preview:large","max-video-preview":"max-video-preview:-1"},"canonical":"https:\/\/avlife.es\/producto\/pack-fbt-cla604a-subwoofer-fbt-cla208sa\/","og_locale":"en_US","og_type":"article","og_title":"Pack FBT CLA604A + CLA208SA | AV Life | Alquiler y soluciones audiovisuales profesionales para eventos","og_description":"Pack Altavoz FBT CLA604A + Subwoofer FBT CLA208SA","og_url":"https:\/\/avlife.es\/producto\/pack-fbt-cla604a-subwoofer-fbt-cla208sa\/","og_site_name":"AV Life | Alquiler y soluciones audiovisuales profesionales para eventos","article_modified_time":"2026-04-16T14:29:40+00:00","og_image":[{"width":750,"height":1000,"url":"https:\/\/avlife.es\/wp-content\/uploads\/2025\/02\/Pack-Altavoz-FBT-CLA604A-Subwoofer-FBT-CLA208SA.png","type":"image\/png"}],"twitter_card":"summary_large_image","twitter_misc":{"Est. reading time":"1 minute"},"schema":{"@context":"https:\/\/schema.org","@graph":[{"@type":"WebPage","@id":"https:\/\/avlife.es\/producto\/pack-fbt-cla604a-subwoofer-fbt-cla208sa\/","url":"https:\/\/avlife.es\/producto\/pack-fbt-cla604a-subwoofer-fbt-cla208sa\/","name":"Pack FBT CLA604A + CLA208SA | AV Life | Alquiler y soluciones audiovisuales profesionales para eventos","isPartOf":{"@id":"https:\/\/avlife.es\/#website"},"primaryImageOfPage":{"@id":"https:\/\/avlife.es\/producto\/pack-fbt-cla604a-subwoofer-fbt-cla208sa\/#primaryimage"},"image":{"@id":"https:\/\/avlife.es\/producto\/pack-fbt-cla604a-subwoofer-fbt-cla208sa\/#primaryimage"},"thumbnailUrl":"https:\/\/avlife.es\/wp-content\/uploads\/2025\/02\/Pack-Altavoz-FBT-CLA604A-Subwoofer-FBT-CLA208SA.png","datePublished":"2025-02-12T13:21:23+00:00","dateModified":"2026-04-16T14:29:40+00:00","description":"Pack Altavoz FBT CLA604A + Subwoofer FBT CLA208SA","breadcrumb":{"@id":"https:\/\/avlife.es\/producto\/pack-fbt-cla604a-subwoofer-fbt-cla208sa\/#breadcrumb"},"inLanguage":"en-US","potentialAction":[{"@type":"ReadAction","target":["https:\/\/avlife.es\/producto\/pack-fbt-cla604a-subwoofer-fbt-cla208sa\/"]}]},{"@type":"ImageObject","inLanguage":"en-US","@id":"https:\/\/avlife.es\/producto\/pack-fbt-cla604a-subwoofer-fbt-cla208sa\/#primaryimage","url":"https:\/\/avlife.es\/wp-content\/uploads\/2025\/02\/Pack-Altavoz-FBT-CLA604A-Subwoofer-FBT-CLA208SA.png","contentUrl":"https:\/\/avlife.es\/wp-content\/uploads\/2025\/02\/Pack-Altavoz-FBT-CLA604A-Subwoofer-FBT-CLA208SA.png","width":750,"height":1000},{"@type":"BreadcrumbList","@id":"https:\/\/avlife.es\/producto\/pack-fbt-cla604a-subwoofer-fbt-cla208sa\/#breadcrumb","itemListElement":[{"@type":"ListItem","position":1,"name":"Portada","item":"https:\/\/avlife.es\/en\/"},{"@type":"ListItem","position":2,"name":"Productos","item":"https:\/\/avlife.es\/shop\/"},{"@type":"ListItem","position":3,"name":"Pack FBT CLA604A + CLA208SA"}]},{"@type":"WebSite","@id":"https:\/\/avlife.es\/#website","url":"https:\/\/avlife.es\/","name":"Avlife","description":"Soluciones audiovisuales integrales y alquiler de equipos para eventos y producciones: sonido, iluminaci\u00f3n, v\u00eddeo y equipo t\u00e9cnico profesional con resultados impecables.","publisher":{"@id":"https:\/\/avlife.es\/#organization"},"alternateName":"Servicios audiovisuales para eventos, cine y publicidad","potentialAction":[{"@type":"SearchAction","target":{"@type":"EntryPoint","urlTemplate":"https:\/\/avlife.es\/?s={search_term_string}"},"query-input":{"@type":"PropertyValueSpecification","valueRequired":true,"valueName":"search_term_string"}}],"inLanguage":"en-US"},{"@type":"Organization","@id":"https:\/\/avlife.es\/#organization","name":"Avlife","url":"https:\/\/avlife.es\/","logo":{"@type":"ImageObject","inLanguage":"en-US","@id":"https:\/\/avlife.es\/#\/schema\/logo\/image\/","url":"https:\/\/avlife.es\/wp-content\/uploads\/2025\/01\/cropped-Diseno-sin-titulo-3.png","contentUrl":"https:\/\/avlife.es\/wp-content\/uploads\/2025\/01\/cropped-Diseno-sin-titulo-3.png","width":512,"height":512,"caption":"Avlife"},"image":{"@id":"https:\/\/avlife.es\/#\/schema\/logo\/image\/"}}]}},"_links":{"self":[{"href":"https:\/\/avlife.es\/en\/wp-json\/wp\/v2\/product\/1757","targetHints":{"allow":["GET"]}}],"collection":[{"href":"https:\/\/avlife.es\/en\/wp-json\/wp\/v2\/product"}],"about":[{"href":"https:\/\/avlife.es\/en\/wp-json\/wp\/v2\/types\/product"}],"replies":[{"embeddable":true,"href":"https:\/\/avlife.es\/en\/wp-json\/wp\/v2\/comments?post=1757"}],"wp:featuredmedia":[{"embeddable":true,"href":"https:\/\/avlife.es\/en\/wp-json\/wp\/v2\/media\/6644"}],"wp:attachment":[{"href":"https:\/\/avlife.es\/en\/wp-json\/wp\/v2\/media?parent=1757"}],"wp:term":[{"taxonomy":"product_brand","embeddable":true,"href":"https:\/\/avlife.es\/en\/wp-json\/wp\/v2\/product_brand?post=1757"},{"taxonomy":"product_cat","embeddable":true,"href":"https:\/\/avlife.es\/en\/wp-json\/wp\/v2\/product_cat?post=1757"},{"taxonomy":"product_tag","embeddable":true,"href":"https:\/\/avlife.es\/en\/wp-json\/wp\/v2\/product_tag?post=1757"}],"curies":[{"name":"wp","href":"https:\/\/api.w.org\/{rel}","templated":true}]}}