{"id":1750,"date":"2025-02-12T14:17:06","date_gmt":"2025-02-12T13:17:06","guid":{"rendered":"https:\/\/avlife.clusterwp.dergen.es\/?post_type=product&#038;p=1750"},"modified":"2026-04-17T08:20:17","modified_gmt":"2026-04-17T06:20:17","slug":"altavoz-fbt-x-lite-110a","status":"publish","type":"product","link":"https:\/\/avlife.es\/en\/producto\/altavoz-fbt-x-lite-110a\/","title":{"rendered":"Altavoz FBT X-Lite 110A"},"content":{"rendered":"<p data-start=\"474\" data-end=\"696\">El <strong data-start=\"477\" data-end=\"496\">FBT X-Lite 110A<\/strong> es un altavoz activo profesional dise\u00f1ado para ofrecer alto rendimiento en un formato compacto y ligero. Es una soluci\u00f3n vers\u00e1til para eventos, presentaciones, DJ y aplicaciones de sonido en directo.<\/p>\n<p data-start=\"698\" data-end=\"999\">Este <strong data-start=\"703\" data-end=\"722\">altavoz FBT 10\u201d<\/strong> cuenta con una configuraci\u00f3n de 2 v\u00edas con woofer de 10 pulgadas y driver de compresi\u00f3n, proporcionando una reproducci\u00f3n clara de la voz y una respuesta equilibrada para m\u00fasica. Su <strong data-start=\"904\" data-end=\"932\">procesador DSP integrado<\/strong> permite optimizar el sonido mediante presets seg\u00fan el tipo de uso.<\/p>\n<p data-start=\"1001\" data-end=\"1262\">El <strong data-start=\"1004\" data-end=\"1023\">X-Lite 110A FBT<\/strong> incorpora amplificaci\u00f3n en <strong data-start=\"1051\" data-end=\"1062\">Clase D<\/strong>, lo que garantiza eficiencia, menor peso y una gran potencia en un formato port\u00e1til. Su dise\u00f1o permite utilizarlo como altavoz principal (PA), monitor de escenario o refuerzo en sistemas m\u00e1s grandes.<\/p>\n<p data-start=\"1264\" data-end=\"1370\">Es una opci\u00f3n ideal para t\u00e9cnicos y usuarios que buscan un altavoz fiable, potente y f\u00e1cil de transportar.<\/p>\n<h2 data-section-id=\"khejmk\" data-start=\"1377\" data-end=\"1398\">Especificaciones<\/h2>\n<ul data-start=\"1399\" data-end=\"1779\">\n<li data-section-id=\"mhdbbm\" data-start=\"1399\" data-end=\"1426\">Modelo: FBT X-Lite 110A<\/li>\n<li data-section-id=\"hzawod\" data-start=\"1427\" data-end=\"1451\">Tipo: Altavoz activo<\/li>\n<li data-section-id=\"1dj53te\" data-start=\"1452\" data-end=\"1477\">Configuraci\u00f3n: 2 v\u00edas<\/li>\n<li data-section-id=\"epjdig\" data-start=\"1478\" data-end=\"1493\">Woofer: 10\u201d<\/li>\n<li data-section-id=\"giimch\" data-start=\"1494\" data-end=\"1519\">Driver: 1\u201d compresi\u00f3n<\/li>\n<li data-section-id=\"1n5xq3o\" data-start=\"1520\" data-end=\"1545\">Potencia: ~1000W pico<\/li>\n<li data-section-id=\"1254pxp\" data-start=\"1546\" data-end=\"1572\">Amplificaci\u00f3n: Clase D<\/li>\n<li data-section-id=\"1kffowm\" data-start=\"1573\" data-end=\"1615\">DSP: Procesamiento digital con presets<\/li>\n<li data-section-id=\"2eac1\" data-start=\"1616\" data-end=\"1666\">Respuesta en frecuencia: Aprox. 58 Hz \u2013 20 kHz<\/li>\n<li data-section-id=\"1wsvmnn\" data-start=\"1667\" data-end=\"1701\">Conectividad: XLR \/ jack combo<\/li>\n<li data-section-id=\"xaq57h\" data-start=\"1702\" data-end=\"1740\">Montaje: Tr\u00edpode \/ monitor \/ suelo<\/li>\n<li data-section-id=\"lr9lz\" data-start=\"1741\" data-end=\"1779\">Uso: Eventos, DJ, directo, monitor<\/li>\n<\/ul>\n","protected":false},"excerpt":{"rendered":"<p data-start=\"266\" data-end=\"372\">El <strong data-start=\"244\" data-end=\"263\">FBT X-Lite 110A<\/strong> es un <strong data-start=\"270\" data-end=\"303\">altavoz activo de 10 pulgadas<\/strong>, con <strong data-start=\"309\" data-end=\"350\">DSP integrado y amplificaci\u00f3n Clase D<\/strong>, ideal para eventos y sonido en directo.<br data-start=\"391\" data-end=\"394\" \/><strong data-start=\"394\" data-end=\"444\">Potencia aprox. 1000W pico y formato compacto.<\/strong><\/p>\n","protected":false},"featured_media":6663,"comment_status":"closed","ping_status":"closed","template":"","meta":{"_acf_changed":false},"product_brand":[],"product_cat":[55,106],"product_tag":[],"class_list":{"0":"post-1750","1":"product","2":"type-product","3":"status-publish","4":"has-post-thumbnail","6":"product_cat-altavoces","7":"product_cat-fbt","9":"first","10":"instock","11":"shipping-taxable","12":"product-type-simple"},"acf":[],"yoast_head":"<!-- This site is optimized with the Yoast SEO plugin v27.4 - https:\/\/yoast.com\/product\/yoast-seo-wordpress\/ -->\n<title>Altavoz FBT X-Lite 110A | AV Life | Alquiler y soluciones audiovisuales profesionales para eventos<\/title>\n<meta name=\"description\" content=\"FBT X-Lite 110A, altavoz activo de 10 pulgadas con DSP y amplificaci\u00f3n Clase D. Compacto y potente para eventos y directo.\" \/>\n<meta name=\"robots\" content=\"index, follow, max-snippet:-1, max-image-preview:large, max-video-preview:-1\" \/>\n<link rel=\"canonical\" href=\"https:\/\/avlife.es\/producto\/altavoz-fbt-x-lite-110a\/\" \/>\n<meta property=\"og:locale\" content=\"en_US\" \/>\n<meta property=\"og:type\" content=\"article\" \/>\n<meta property=\"og:title\" content=\"Altavoz FBT X-Lite 110A | AV Life | Alquiler y soluciones audiovisuales profesionales para eventos\" \/>\n<meta property=\"og:description\" content=\"FBT X-Lite 110A, altavoz activo de 10 pulgadas con DSP y amplificaci\u00f3n Clase D. Compacto y potente para eventos y directo.\" \/>\n<meta property=\"og:url\" content=\"https:\/\/avlife.es\/producto\/altavoz-fbt-x-lite-110a\/\" \/>\n<meta property=\"og:site_name\" content=\"AV Life | Alquiler y soluciones audiovisuales profesionales para eventos\" \/>\n<meta property=\"article:modified_time\" content=\"2026-04-17T06:20:17+00:00\" \/>\n<meta property=\"og:image\" content=\"https:\/\/avlife.es\/wp-content\/uploads\/2025\/02\/altavoz-autoamplificado-fbt-x-lite-110a.jpg\" \/>\n\t<meta property=\"og:image:width\" content=\"700\" \/>\n\t<meta property=\"og:image:height\" content=\"800\" \/>\n\t<meta property=\"og:image:type\" content=\"image\/jpeg\" \/>\n<meta name=\"twitter:card\" content=\"summary_large_image\" \/>\n<meta name=\"twitter:label1\" content=\"Est. reading time\" \/>\n\t<meta name=\"twitter:data1\" content=\"2 minutes\" \/>\n<script type=\"application\/ld+json\" class=\"yoast-schema-graph\">{\"@context\":\"https:\\\/\\\/schema.org\",\"@graph\":[{\"@type\":\"WebPage\",\"@id\":\"https:\\\/\\\/avlife.es\\\/producto\\\/altavoz-fbt-x-lite-110a\\\/\",\"url\":\"https:\\\/\\\/avlife.es\\\/producto\\\/altavoz-fbt-x-lite-110a\\\/\",\"name\":\"Altavoz FBT X-Lite 110A | AV Life | Alquiler y soluciones audiovisuales profesionales para eventos\",\"isPartOf\":{\"@id\":\"https:\\\/\\\/avlife.es\\\/#website\"},\"primaryImageOfPage\":{\"@id\":\"https:\\\/\\\/avlife.es\\\/producto\\\/altavoz-fbt-x-lite-110a\\\/#primaryimage\"},\"image\":{\"@id\":\"https:\\\/\\\/avlife.es\\\/producto\\\/altavoz-fbt-x-lite-110a\\\/#primaryimage\"},\"thumbnailUrl\":\"https:\\\/\\\/avlife.es\\\/wp-content\\\/uploads\\\/2025\\\/02\\\/altavoz-autoamplificado-fbt-x-lite-110a.jpg\",\"datePublished\":\"2025-02-12T13:17:06+00:00\",\"dateModified\":\"2026-04-17T06:20:17+00:00\",\"description\":\"FBT X-Lite 110A, altavoz activo de 10 pulgadas con DSP y amplificaci\u00f3n Clase D. Compacto y potente para eventos y directo.\",\"breadcrumb\":{\"@id\":\"https:\\\/\\\/avlife.es\\\/producto\\\/altavoz-fbt-x-lite-110a\\\/#breadcrumb\"},\"inLanguage\":\"en-US\",\"potentialAction\":[{\"@type\":\"ReadAction\",\"target\":[\"https:\\\/\\\/avlife.es\\\/producto\\\/altavoz-fbt-x-lite-110a\\\/\"]}]},{\"@type\":\"ImageObject\",\"inLanguage\":\"en-US\",\"@id\":\"https:\\\/\\\/avlife.es\\\/producto\\\/altavoz-fbt-x-lite-110a\\\/#primaryimage\",\"url\":\"https:\\\/\\\/avlife.es\\\/wp-content\\\/uploads\\\/2025\\\/02\\\/altavoz-autoamplificado-fbt-x-lite-110a.jpg\",\"contentUrl\":\"https:\\\/\\\/avlife.es\\\/wp-content\\\/uploads\\\/2025\\\/02\\\/altavoz-autoamplificado-fbt-x-lite-110a.jpg\",\"width\":700,\"height\":800,\"caption\":\"Altavoz FBT X-Lite 110A\"},{\"@type\":\"BreadcrumbList\",\"@id\":\"https:\\\/\\\/avlife.es\\\/producto\\\/altavoz-fbt-x-lite-110a\\\/#breadcrumb\",\"itemListElement\":[{\"@type\":\"ListItem\",\"position\":1,\"name\":\"Portada\",\"item\":\"https:\\\/\\\/avlife.es\\\/en\\\/\"},{\"@type\":\"ListItem\",\"position\":2,\"name\":\"Productos\",\"item\":\"https:\\\/\\\/avlife.es\\\/shop\\\/\"},{\"@type\":\"ListItem\",\"position\":3,\"name\":\"Altavoz FBT X-Lite 110A\"}]},{\"@type\":\"WebSite\",\"@id\":\"https:\\\/\\\/avlife.es\\\/#website\",\"url\":\"https:\\\/\\\/avlife.es\\\/\",\"name\":\"Avlife\",\"description\":\"Soluciones audiovisuales integrales y alquiler de equipos para eventos y producciones: sonido, iluminaci\u00f3n, v\u00eddeo y equipo t\u00e9cnico profesional con resultados impecables.\",\"publisher\":{\"@id\":\"https:\\\/\\\/avlife.es\\\/#organization\"},\"alternateName\":\"Servicios audiovisuales para eventos, cine y publicidad\",\"potentialAction\":[{\"@type\":\"SearchAction\",\"target\":{\"@type\":\"EntryPoint\",\"urlTemplate\":\"https:\\\/\\\/avlife.es\\\/?s={search_term_string}\"},\"query-input\":{\"@type\":\"PropertyValueSpecification\",\"valueRequired\":true,\"valueName\":\"search_term_string\"}}],\"inLanguage\":\"en-US\"},{\"@type\":\"Organization\",\"@id\":\"https:\\\/\\\/avlife.es\\\/#organization\",\"name\":\"Avlife\",\"url\":\"https:\\\/\\\/avlife.es\\\/\",\"logo\":{\"@type\":\"ImageObject\",\"inLanguage\":\"en-US\",\"@id\":\"https:\\\/\\\/avlife.es\\\/#\\\/schema\\\/logo\\\/image\\\/\",\"url\":\"https:\\\/\\\/avlife.es\\\/wp-content\\\/uploads\\\/2025\\\/01\\\/cropped-Diseno-sin-titulo-3.png\",\"contentUrl\":\"https:\\\/\\\/avlife.es\\\/wp-content\\\/uploads\\\/2025\\\/01\\\/cropped-Diseno-sin-titulo-3.png\",\"width\":512,\"height\":512,\"caption\":\"Avlife\"},\"image\":{\"@id\":\"https:\\\/\\\/avlife.es\\\/#\\\/schema\\\/logo\\\/image\\\/\"}}]}<\/script>\n<!-- \/ Yoast SEO plugin. -->","yoast_head_json":{"title":"Altavoz FBT X-Lite 110A | AV Life | Alquiler y soluciones audiovisuales profesionales para eventos","description":"FBT X-Lite 110A, altavoz activo de 10 pulgadas con DSP y amplificaci\u00f3n Clase D. Compacto y potente para eventos y directo.","robots":{"index":"index","follow":"follow","max-snippet":"max-snippet:-1","max-image-preview":"max-image-preview:large","max-video-preview":"max-video-preview:-1"},"canonical":"https:\/\/avlife.es\/producto\/altavoz-fbt-x-lite-110a\/","og_locale":"en_US","og_type":"article","og_title":"Altavoz FBT X-Lite 110A | AV Life | Alquiler y soluciones audiovisuales profesionales para eventos","og_description":"FBT X-Lite 110A, altavoz activo de 10 pulgadas con DSP y amplificaci\u00f3n Clase D. Compacto y potente para eventos y directo.","og_url":"https:\/\/avlife.es\/producto\/altavoz-fbt-x-lite-110a\/","og_site_name":"AV Life | Alquiler y soluciones audiovisuales profesionales para eventos","article_modified_time":"2026-04-17T06:20:17+00:00","og_image":[{"width":700,"height":800,"url":"https:\/\/avlife.es\/wp-content\/uploads\/2025\/02\/altavoz-autoamplificado-fbt-x-lite-110a.jpg","type":"image\/jpeg"}],"twitter_card":"summary_large_image","twitter_misc":{"Est. reading time":"2 minutes"},"schema":{"@context":"https:\/\/schema.org","@graph":[{"@type":"WebPage","@id":"https:\/\/avlife.es\/producto\/altavoz-fbt-x-lite-110a\/","url":"https:\/\/avlife.es\/producto\/altavoz-fbt-x-lite-110a\/","name":"Altavoz FBT X-Lite 110A | AV Life | Alquiler y soluciones audiovisuales profesionales para eventos","isPartOf":{"@id":"https:\/\/avlife.es\/#website"},"primaryImageOfPage":{"@id":"https:\/\/avlife.es\/producto\/altavoz-fbt-x-lite-110a\/#primaryimage"},"image":{"@id":"https:\/\/avlife.es\/producto\/altavoz-fbt-x-lite-110a\/#primaryimage"},"thumbnailUrl":"https:\/\/avlife.es\/wp-content\/uploads\/2025\/02\/altavoz-autoamplificado-fbt-x-lite-110a.jpg","datePublished":"2025-02-12T13:17:06+00:00","dateModified":"2026-04-17T06:20:17+00:00","description":"FBT X-Lite 110A, altavoz activo de 10 pulgadas con DSP y amplificaci\u00f3n Clase D. Compacto y potente para eventos y directo.","breadcrumb":{"@id":"https:\/\/avlife.es\/producto\/altavoz-fbt-x-lite-110a\/#breadcrumb"},"inLanguage":"en-US","potentialAction":[{"@type":"ReadAction","target":["https:\/\/avlife.es\/producto\/altavoz-fbt-x-lite-110a\/"]}]},{"@type":"ImageObject","inLanguage":"en-US","@id":"https:\/\/avlife.es\/producto\/altavoz-fbt-x-lite-110a\/#primaryimage","url":"https:\/\/avlife.es\/wp-content\/uploads\/2025\/02\/altavoz-autoamplificado-fbt-x-lite-110a.jpg","contentUrl":"https:\/\/avlife.es\/wp-content\/uploads\/2025\/02\/altavoz-autoamplificado-fbt-x-lite-110a.jpg","width":700,"height":800,"caption":"Altavoz FBT X-Lite 110A"},{"@type":"BreadcrumbList","@id":"https:\/\/avlife.es\/producto\/altavoz-fbt-x-lite-110a\/#breadcrumb","itemListElement":[{"@type":"ListItem","position":1,"name":"Portada","item":"https:\/\/avlife.es\/en\/"},{"@type":"ListItem","position":2,"name":"Productos","item":"https:\/\/avlife.es\/shop\/"},{"@type":"ListItem","position":3,"name":"Altavoz FBT X-Lite 110A"}]},{"@type":"WebSite","@id":"https:\/\/avlife.es\/#website","url":"https:\/\/avlife.es\/","name":"Avlife","description":"Soluciones audiovisuales integrales y alquiler de equipos para eventos y producciones: sonido, iluminaci\u00f3n, v\u00eddeo y equipo t\u00e9cnico profesional con resultados impecables.","publisher":{"@id":"https:\/\/avlife.es\/#organization"},"alternateName":"Servicios audiovisuales para eventos, cine y publicidad","potentialAction":[{"@type":"SearchAction","target":{"@type":"EntryPoint","urlTemplate":"https:\/\/avlife.es\/?s={search_term_string}"},"query-input":{"@type":"PropertyValueSpecification","valueRequired":true,"valueName":"search_term_string"}}],"inLanguage":"en-US"},{"@type":"Organization","@id":"https:\/\/avlife.es\/#organization","name":"Avlife","url":"https:\/\/avlife.es\/","logo":{"@type":"ImageObject","inLanguage":"en-US","@id":"https:\/\/avlife.es\/#\/schema\/logo\/image\/","url":"https:\/\/avlife.es\/wp-content\/uploads\/2025\/01\/cropped-Diseno-sin-titulo-3.png","contentUrl":"https:\/\/avlife.es\/wp-content\/uploads\/2025\/01\/cropped-Diseno-sin-titulo-3.png","width":512,"height":512,"caption":"Avlife"},"image":{"@id":"https:\/\/avlife.es\/#\/schema\/logo\/image\/"}}]}},"_links":{"self":[{"href":"https:\/\/avlife.es\/en\/wp-json\/wp\/v2\/product\/1750","targetHints":{"allow":["GET"]}}],"collection":[{"href":"https:\/\/avlife.es\/en\/wp-json\/wp\/v2\/product"}],"about":[{"href":"https:\/\/avlife.es\/en\/wp-json\/wp\/v2\/types\/product"}],"replies":[{"embeddable":true,"href":"https:\/\/avlife.es\/en\/wp-json\/wp\/v2\/comments?post=1750"}],"wp:featuredmedia":[{"embeddable":true,"href":"https:\/\/avlife.es\/en\/wp-json\/wp\/v2\/media\/6663"}],"wp:attachment":[{"href":"https:\/\/avlife.es\/en\/wp-json\/wp\/v2\/media?parent=1750"}],"wp:term":[{"taxonomy":"product_brand","embeddable":true,"href":"https:\/\/avlife.es\/en\/wp-json\/wp\/v2\/product_brand?post=1750"},{"taxonomy":"product_cat","embeddable":true,"href":"https:\/\/avlife.es\/en\/wp-json\/wp\/v2\/product_cat?post=1750"},{"taxonomy":"product_tag","embeddable":true,"href":"https:\/\/avlife.es\/en\/wp-json\/wp\/v2\/product_tag?post=1750"}],"curies":[{"name":"wp","href":"https:\/\/api.w.org\/{rel}","templated":true}]}}