{"id":2026,"date":"2025-02-12T22:20:41","date_gmt":"2025-02-12T21:20:41","guid":{"rendered":"https:\/\/avlife.clusterwp.dergen.es\/?page_id=2026"},"modified":"2026-03-31T12:43:38","modified_gmt":"2026-03-31T10:43:38","slug":"video-mixer-rental","status":"publish","type":"page","link":"https:\/\/avlife.es\/en\/video-mixer-rental\/","title":{"rendered":"Video mixer rental"},"content":{"rendered":"\t\t<div data-elementor-type=\"wp-page\" data-elementor-id=\"2026\" class=\"elementor elementor-2026\" data-elementor-post-type=\"page\">\n\t\t\t\t<div class=\"elementor-element elementor-element-a65852c e-flex e-con-boxed e-con e-parent\" data-id=\"a65852c\" data-element_type=\"container\" data-e-type=\"container\">\n\t\t\t\t\t<div class=\"e-con-inner\">\n\t\t\t\t<div class=\"elementor-element elementor-element-ac10f0c elementor-widget elementor-widget-heading\" data-id=\"ac10f0c\" data-element_type=\"widget\" data-e-type=\"widget\" data-widget_type=\"heading.default\">\n\t\t\t\t<div class=\"elementor-widget-container\">\n\t\t\t\t\t<h2 class=\"elementor-heading-title elementor-size-default\">Video mixer rental<\/h2>\t\t\t\t<\/div>\n\t\t\t\t<\/div>\n\t\t\t\t<div class=\"elementor-element elementor-element-382eef7 elementor-widget elementor-widget-text-editor\" data-id=\"382eef7\" data-element_type=\"widget\" data-e-type=\"widget\" data-widget_type=\"text-editor.default\">\n\t\t\t\t<div class=\"elementor-widget-container\">\n\t\t\t\t\t\t\t\t\t<div id=\"comp-m2uilpx5\" class=\"HcOXKn c9GqVL QxJLC3 lq2cno YQcXTT comp-m2uilpx5 wixui-rich-text\" data-testid=\"richTextElement\">\n<p class=\"font_7 wixui-rich-text__text\"><span class=\"wixui-rich-text__text\">Discover our range of sound mixers from the <strong>best brands<\/strong>.<\/span><\/p>\n<p class=\"font_7 wixui-rich-text__text\"><span class=\"wixui-rich-text__text\">At <strong>Avlife <\/strong>we offer a complete catalog of <strong>video mixers<\/strong>.<\/span><\/p>\n<p class=\"font_7 wixui-rich-text__text\">We have Roland video mixers of different models.<\/p>\n<p class=\"font_7 wixui-rich-text__text\"><span class=\"wixui-rich-text__text\"><span style=\"text-decoration: underline; color: #000000;\"><strong><a class=\"wixui-rich-text__text\" style=\"color: #000000; text-decoration: underline;\" href=\"https:\/\/www.avlife.es\/contacto\" target=\"_self\">Contact us<\/a><\/strong><\/span> and we will prepare a quote that suits your needs and with the <strong>best prices.<\/strong><\/span><\/p>\n\n<\/div>\t\t\t\t\t\t\t\t<\/div>\n\t\t\t\t<\/div>\n\t\t\t\t\t<\/div>\n\t\t\t\t<\/div>\n\t\t<div class=\"elementor-element elementor-element-ae54718 e-flex e-con-boxed e-con e-parent\" data-id=\"ae54718\" data-element_type=\"container\" data-e-type=\"container\">\n\t\t\t\t\t<div class=\"e-con-inner\">\n\t\t\t\t<div class=\"elementor-element elementor-element-6ab5df3 elementor-grid-3 elementor-grid-tablet-2 elementor-grid-mobile-1 elementor-product-loop-item--align-center elementor-products-grid elementor-wc-products elementor-widget elementor-widget-woocommerce-products\" data-id=\"6ab5df3\" data-element_type=\"widget\" data-e-type=\"widget\" data-widget_type=\"woocommerce-products.default\">\n\t\t\t\t<div class=\"elementor-widget-container\">\n\t\t\t\t\t<div class=\"woocommerce columns-3 \"><ul class=\"products elementor-grid columns-3\">\n<li class=\"product type-product post-1842 status-publish first instock product_cat-mixer-de-video has-post-thumbnail shipping-taxable product-type-simple\">\n\t<a href=\"https:\/\/avlife.es\/en\/alquiler\/mixer-de-video\/mixer-video-roland\/\" class=\"woocommerce-LoopProduct-link woocommerce-loop-product__link\"><img fetchpriority=\"high\" decoding=\"async\" width=\"300\" height=\"204\" src=\"https:\/\/avlife.es\/wp-content\/uploads\/2025\/02\/Roland-V-1HD-300x204.jpg\" class=\"attachment-woocommerce_thumbnail size-woocommerce_thumbnail\" alt=\"Roland V-1HD\" srcset=\"https:\/\/avlife.es\/wp-content\/uploads\/2025\/02\/Roland-V-1HD-300x204.jpg 300w, https:\/\/avlife.es\/wp-content\/uploads\/2025\/02\/Roland-V-1HD-1024x697.jpg 1024w, https:\/\/avlife.es\/wp-content\/uploads\/2025\/02\/Roland-V-1HD-768x523.jpg 768w, https:\/\/avlife.es\/wp-content\/uploads\/2025\/02\/Roland-V-1HD-1536x1046.jpg 1536w, https:\/\/avlife.es\/wp-content\/uploads\/2025\/02\/Roland-V-1HD-400x270.jpg 400w, https:\/\/avlife.es\/wp-content\/uploads\/2025\/02\/Roland-V-1HD-600x409.jpg 600w, https:\/\/avlife.es\/wp-content\/uploads\/2025\/02\/Roland-V-1HD.jpg 1680w\" sizes=\"(max-width: 300px) 100vw, 300px\" \/><span class=\"woocommerce-loop-product__cat\">Mixer de video<\/span><h2 class=\"woocommerce-loop-product__title\">Switcher de v\u00eddeo Roland V-1HD<\/h2>\n<\/a><a href=\"https:\/\/avlife.es\/en\/alquiler\/mixer-de-video\/mixer-video-roland\/\" aria-describedby=\"woocommerce_loop_add_to_cart_link_describedby_1842\" data-quantity=\"1\" class=\"button product_type_simple\" data-product_id=\"1842\" data-product_sku=\"\" aria-label=\"Read more about &ldquo;Switcher de v\u00eddeo Roland V-1HD&rdquo;\" rel=\"nofollow\" data-success_message=\"\">Read more<\/a>\t<span id=\"woocommerce_loop_add_to_cart_link_describedby_1842\" class=\"screen-reader-text\">\n\t\t\t<\/span>\n<\/li>\n<li class=\"product type-product post-1846 status-publish instock product_cat-mixer-de-video has-post-thumbnail shipping-taxable product-type-simple\">\n\t<a href=\"https:\/\/avlife.es\/en\/alquiler\/mixer-de-video\/mixer-video-roland-3\/\" class=\"woocommerce-LoopProduct-link woocommerce-loop-product__link\"><img decoding=\"async\" width=\"300\" height=\"162\" src=\"https:\/\/avlife.es\/wp-content\/uploads\/2025\/02\/Roland-VR-6HD-300x162.jpg\" class=\"attachment-woocommerce_thumbnail size-woocommerce_thumbnail\" alt=\"Roland VR-6HD\" srcset=\"https:\/\/avlife.es\/wp-content\/uploads\/2025\/02\/Roland-VR-6HD-300x162.jpg 300w, https:\/\/avlife.es\/wp-content\/uploads\/2025\/02\/Roland-VR-6HD-1024x552.jpg 1024w, https:\/\/avlife.es\/wp-content\/uploads\/2025\/02\/Roland-VR-6HD-768x414.jpg 768w, https:\/\/avlife.es\/wp-content\/uploads\/2025\/02\/Roland-VR-6HD-1536x827.jpg 1536w, https:\/\/avlife.es\/wp-content\/uploads\/2025\/02\/Roland-VR-6HD-600x323.jpg 600w, https:\/\/avlife.es\/wp-content\/uploads\/2025\/02\/Roland-VR-6HD.jpg 2018w\" sizes=\"(max-width: 300px) 100vw, 300px\" \/><span class=\"woocommerce-loop-product__cat\">Mixer de video<\/span><h2 class=\"woocommerce-loop-product__title\">Mixer video Roland VR-6HD<\/h2>\n<\/a><a href=\"https:\/\/avlife.es\/en\/alquiler\/mixer-de-video\/mixer-video-roland-3\/\" aria-describedby=\"woocommerce_loop_add_to_cart_link_describedby_1846\" data-quantity=\"1\" class=\"button product_type_simple\" data-product_id=\"1846\" data-product_sku=\"\" aria-label=\"Read more about &ldquo;Mixer video Roland VR-6HD&rdquo;\" rel=\"nofollow\" data-success_message=\"\">Read more<\/a>\t<span id=\"woocommerce_loop_add_to_cart_link_describedby_1846\" class=\"screen-reader-text\">\n\t\t\t<\/span>\n<\/li>\n<li class=\"product type-product post-1844 status-publish last instock product_cat-mixer-de-video has-post-thumbnail shipping-taxable product-type-simple\">\n\t<a href=\"https:\/\/avlife.es\/en\/alquiler\/mixer-de-video\/mixer-video-roland-2\/\" class=\"woocommerce-LoopProduct-link woocommerce-loop-product__link\"><img decoding=\"async\" width=\"300\" height=\"300\" src=\"https:\/\/avlife.es\/wp-content\/uploads\/2025\/02\/Roland-VR-50HD-300x300.jpg\" class=\"attachment-woocommerce_thumbnail size-woocommerce_thumbnail\" alt=\"Roland VR-50HD\" srcset=\"https:\/\/avlife.es\/wp-content\/uploads\/2025\/02\/Roland-VR-50HD-300x300.jpg 300w, https:\/\/avlife.es\/wp-content\/uploads\/2025\/02\/Roland-VR-50HD-1024x1024.jpg 1024w, https:\/\/avlife.es\/wp-content\/uploads\/2025\/02\/Roland-VR-50HD-150x150.jpg 150w, https:\/\/avlife.es\/wp-content\/uploads\/2025\/02\/Roland-VR-50HD-768x768.jpg 768w, https:\/\/avlife.es\/wp-content\/uploads\/2025\/02\/Roland-VR-50HD-1536x1536.jpg 1536w, https:\/\/avlife.es\/wp-content\/uploads\/2025\/02\/Roland-VR-50HD-600x600.jpg 600w, https:\/\/avlife.es\/wp-content\/uploads\/2025\/02\/Roland-VR-50HD-100x100.jpg 100w, https:\/\/avlife.es\/wp-content\/uploads\/2025\/02\/Roland-VR-50HD.jpg 1610w\" sizes=\"(max-width: 300px) 100vw, 300px\" \/><span class=\"woocommerce-loop-product__cat\">Mixer de video<\/span><h2 class=\"woocommerce-loop-product__title\">Mixer video Roland VR-50HD<\/h2>\n<\/a><a href=\"https:\/\/avlife.es\/en\/alquiler\/mixer-de-video\/mixer-video-roland-2\/\" aria-describedby=\"woocommerce_loop_add_to_cart_link_describedby_1844\" data-quantity=\"1\" class=\"button product_type_simple\" data-product_id=\"1844\" data-product_sku=\"\" aria-label=\"Read more about &ldquo;Mixer video Roland VR-50HD&rdquo;\" rel=\"nofollow\" data-success_message=\"\">Read more<\/a>\t<span id=\"woocommerce_loop_add_to_cart_link_describedby_1844\" class=\"screen-reader-text\">\n\t\t\t<\/span>\n<\/li>\n<\/ul>\n<\/div>\t\t\t\t<\/div>\n\t\t\t\t<\/div>\n\t\t<div class=\"elementor-element elementor-element-283919d e-con-full e-flex e-con e-child\" data-id=\"283919d\" data-element_type=\"container\" data-e-type=\"container\">\n\t\t\t\t<div class=\"elementor-element elementor-element-68e3718 elementor-widget elementor-widget-heading\" data-id=\"68e3718\" data-element_type=\"widget\" data-e-type=\"widget\" data-widget_type=\"heading.default\">\n\t\t\t\t<div class=\"elementor-widget-container\">\n\t\t\t\t\t<h2 class=\"elementor-heading-title elementor-size-default\">Video table rental Barcelona<\/h2>\t\t\t\t<\/div>\n\t\t\t\t<\/div>\n\t\t\t\t<div class=\"elementor-element elementor-element-3ffc403 elementor-widget elementor-widget-text-editor\" data-id=\"3ffc403\" data-element_type=\"widget\" data-e-type=\"widget\" data-widget_type=\"text-editor.default\">\n\t\t\t\t<div class=\"elementor-widget-container\">\n\t\t\t\t\t\t\t\t\t<div id=\"comp-m4tw2xcb\" class=\"HcOXKn c9GqVL QxJLC3 lq2cno YQcXTT comp-m4tw2xcb wixui-rich-text\" data-testid=\"richTextElement\">\n<p class=\"font_7 wixui-rich-text__text\"><span class=\"wixui-rich-text__text\">At <strong>Avlife<\/strong> we take each of the events we carry out very seriously, in addition to giving a <strong>personalized treatment<\/strong> to each client.<\/span><\/p>\n<p class=\"font_7 wixui-rich-text__text\"><span class=\"wixui-rich-text__text\">If you have any questions about your event, <strong>Tell us your idea and we will help you make it a reality!<\/strong><\/span><\/p>\n<p class=\"font_7 wixui-rich-text__text\"><span class=\"wixui-rich-text__text\">\u200bWe only offer the equipment that we trust and that we work with day after day, so you can be sure that you will have quality audiovisual equipment rental. All equipment is checked and tested by our staff before being delivered to the client. <\/strong><\/span><\/p>\n<p class=\"font_7 wixui-rich-text__text\"><span class=\"wixui-rich-text__text\">We adapt to the needs of each person in the hope of being able to offer the best price for audiovisual equipment rental. <\/span><\/p>\n<p class=\"font_7 wixui-rich-text__text\"><span class=\"wixui-rich-text__text\"><strong>Don&#8217;t have transportation to pick you up? <\/strong> <\/span>Don&#8217;t worry, we can make you an offer to transport the material to deliver it wherever you tell us. We travel to Barcelona, \u200b\u200bBadalona, \u200b\u200bSant Cugat, Hospitalet de Llobregat, Terrassa, Sabadell, Viladecans, Matar\u00f3 and surrounding areas.<\/p>\n\n<\/div>\t\t\t\t\t\t\t\t<\/div>\n\t\t\t\t<\/div>\n\t\t\t\t<\/div>\n\t\t\t\t\t<\/div>\n\t\t\t\t<\/div>\n\t\t<div class=\"elementor-element elementor-element-890ce3e e-flex e-con-boxed e-con e-parent\" data-id=\"890ce3e\" data-element_type=\"container\" data-e-type=\"container\" data-settings=\"{&quot;background_background&quot;:&quot;classic&quot;}\">\n\t\t\t\t\t<div class=\"e-con-inner\">\n\t\t\t\t<div class=\"elementor-element elementor-element-e117a59 elementor-widget elementor-widget-heading\" data-id=\"e117a59\" data-element_type=\"widget\" data-e-type=\"widget\" data-widget_type=\"heading.default\">\n\t\t\t\t<div class=\"elementor-widget-container\">\n\t\t\t\t\t<h2 class=\"elementor-heading-title elementor-size-default\">Contact<\/h2>\t\t\t\t<\/div>\n\t\t\t\t<\/div>\n\t\t\t\t<div class=\"elementor-element elementor-element-d12e4b7 elementor-icon-list--layout-traditional elementor-list-item-link-full_width elementor-widget elementor-widget-icon-list\" data-id=\"d12e4b7\" data-element_type=\"widget\" data-e-type=\"widget\" data-widget_type=\"icon-list.default\">\n\t\t\t\t<div class=\"elementor-widget-container\">\n\t\t\t\t\t\t\t<ul class=\"elementor-icon-list-items\">\n\t\t\t\t\t\t\t<li class=\"elementor-icon-list-item\">\n\t\t\t\t\t\t\t\t\t\t\t<span class=\"elementor-icon-list-icon\">\n\t\t\t\t\t\t\t<svg aria-hidden=\"true\" class=\"e-font-icon-svg e-fas-map-marker-alt\" viewBox=\"0 0 384 512\" xmlns=\"http:\/\/www.w3.org\/2000\/svg\"><path d=\"M172.268 501.67C26.97 291.031 0 269.413 0 192 0 85.961 85.961 0 192 0s192 85.961 192 192c0 77.413-26.97 99.031-172.268 309.67-9.535 13.774-29.93 13.773-39.464 0zM192 272c44.183 0 80-35.817 80-80s-35.817-80-80-80-80 35.817-80 80 35.817 80 80 80z\"><\/path><\/svg>\t\t\t\t\t\t<\/span>\n\t\t\t\t\t\t\t\t\t\t<span class=\"elementor-icon-list-text\">Carrer M\u00e8xic, 19 Local B<br \/>  Barcelona<br \/>  08004<\/span>\n\t\t\t\t\t\t\t\t\t<\/li>\n\t\t\t\t\t\t\t\t<li class=\"elementor-icon-list-item\">\n\t\t\t\t\t\t\t\t\t\t\t<a href=\"mailto:info@avlife.es\">\n\n\t\t\t\t\t\t\t\t\t\t\t\t<span class=\"elementor-icon-list-icon\">\n\t\t\t\t\t\t\t<svg aria-hidden=\"true\" class=\"e-font-icon-svg e-far-envelope\" viewBox=\"0 0 512 512\" xmlns=\"http:\/\/www.w3.org\/2000\/svg\"><path d=\"M464 64H48C21.49 64 0 85.49 0 112v288c0 26.51 21.49 48 48 48h416c26.51 0 48-21.49 48-48V112c0-26.51-21.49-48-48-48zm0 48v40.805c-22.422 18.259-58.168 46.651-134.587 106.49-16.841 13.247-50.201 45.072-73.413 44.701-23.208.375-56.579-31.459-73.413-44.701C106.18 199.465 70.425 171.067 48 152.805V112h416zM48 400V214.398c22.914 18.251 55.409 43.862 104.938 82.646 21.857 17.205 60.134 55.186 103.062 54.955 42.717.231 80.509-37.199 103.053-54.947 49.528-38.783 82.032-64.401 104.947-82.653V400H48z\"><\/path><\/svg>\t\t\t\t\t\t<\/span>\n\t\t\t\t\t\t\t\t\t\t<span class=\"elementor-icon-list-text\">info@avlife.es<\/span>\n\t\t\t\t\t\t\t\t\t\t\t<\/a>\n\t\t\t\t\t\t\t\t\t<\/li>\n\t\t\t\t\t\t<\/ul>\n\t\t\t\t\t\t<\/div>\n\t\t\t\t<\/div>\n\t\t\t\t<div class=\"elementor-element elementor-element-950ca94 elementor-align-center elementor-widget elementor-widget-button\" data-id=\"950ca94\" data-element_type=\"widget\" data-e-type=\"widget\" data-widget_type=\"button.default\">\n\t\t\t\t<div class=\"elementor-widget-container\">\n\t\t\t\t\t\t\t\t\t<div class=\"elementor-button-wrapper\">\n\t\t\t\t\t<a class=\"elementor-button elementor-button-link elementor-size-sm\" href=\"\/contact\/\">\n\t\t\t\t\t\t<span class=\"elementor-button-content-wrapper\">\n\t\t\t\t\t\t\t\t\t<span class=\"elementor-button-text\">Click here to contact<\/span>\n\t\t\t\t\t<\/span>\n\t\t\t\t\t<\/a>\n\t\t\t\t<\/div>\n\t\t\t\t\t\t\t\t<\/div>\n\t\t\t\t<\/div>\n\t\t\t\t\t<\/div>\n\t\t\t\t<\/div>\n\t\t<div class=\"elementor-element elementor-element-a3f8f58 e-con-full e-flex e-con e-parent\" data-id=\"a3f8f58\" data-element_type=\"container\" data-e-type=\"container\" data-settings=\"{&quot;background_background&quot;:&quot;classic&quot;}\">\n\t\t\t\t<div class=\"elementor-element elementor-element-4fbf3d3 elementor-widget-divider--view-line elementor-widget elementor-widget-divider\" data-id=\"4fbf3d3\" data-element_type=\"widget\" data-e-type=\"widget\" data-widget_type=\"divider.default\">\n\t\t\t\t<div class=\"elementor-widget-container\">\n\t\t\t\t\t\t\t<div class=\"elementor-divider\">\n\t\t\t<span class=\"elementor-divider-separator\">\n\t\t\t\t\t\t<\/span>\n\t\t<\/div>\n\t\t\t\t\t\t<\/div>\n\t\t\t\t<\/div>\n\t\t\t\t<div class=\"elementor-element elementor-element-393013a mapa elementor-widget elementor-widget-google_maps\" data-id=\"393013a\" data-element_type=\"widget\" data-e-type=\"widget\" data-widget_type=\"google_maps.default\">\n\t\t\t\t<div class=\"elementor-widget-container\">\n\t\t\t\t\t\t\t<div class=\"elementor-custom-embed\">\n\t\t\t<iframe loading=\"lazy\"\n\t\t\t\t\tsrc=\"https:\/\/maps.google.com\/maps?q=AVLIFE%20SL&#038;t=m&#038;z=10&#038;output=embed&#038;iwloc=near\"\n\t\t\t\t\ttitle=\"AVLIFE SL\"\n\t\t\t\t\taria-label=\"AVLIFE SL\"\n\t\t\t><\/iframe>\n\t\t<\/div>\n\t\t\t\t\t\t<\/div>\n\t\t\t\t<\/div>\n\t\t\t\t<\/div>\n\t\t\t\t<\/div>\n\t\t","protected":false},"excerpt":{"rendered":"<p>Video mixer rental Discover our range of sound mixers from the best brands. At Avlife we offer a complete catalog of video mixers. We have Roland video mixers of different models. Contact us and we will prepare a quote that suits your needs and with the best prices. Video table rental Barcelona At Avlife we<br \/><a class=\"moretag\" href=\"https:\/\/avlife.es\/en\/video-mixer-rental\/\">+ Read More<\/a><\/p>\n","protected":false},"author":2,"featured_media":0,"parent":0,"menu_order":0,"comment_status":"closed","ping_status":"closed","template":"templates\/elementor.php","meta":{"_acf_changed":false,"footnotes":""},"class_list":["post-2026","page","type-page","status-publish","hentry"],"acf":[],"yoast_head":"<!-- This site is optimized with the Yoast SEO plugin v27.4 - https:\/\/yoast.com\/product\/yoast-seo-wordpress\/ -->\n<title>Video mixer rental | AV Life | Alquiler y soluciones audiovisuales profesionales para eventos<\/title>\n<meta name=\"description\" content=\"Video mixer rental Discover our range of sound mixers from the best brands. At Avlife we offer a complete catalog of video mixers. We have Roland video\" \/>\n<meta name=\"robots\" content=\"index, follow, max-snippet:-1, max-image-preview:large, max-video-preview:-1\" \/>\n<link rel=\"canonical\" href=\"https:\/\/avlife.es\/en\/video-mixer-rental\/\" \/>\n<meta property=\"og:locale\" content=\"en_US\" \/>\n<meta property=\"og:type\" content=\"article\" \/>\n<meta property=\"og:title\" content=\"Video mixer rental | AV Life | Alquiler y soluciones audiovisuales profesionales para eventos\" \/>\n<meta property=\"og:description\" content=\"Video mixer rental Discover our range of sound mixers from the best brands. At Avlife we offer a complete catalog of video mixers. We have Roland video\" \/>\n<meta property=\"og:url\" content=\"https:\/\/avlife.es\/en\/video-mixer-rental\/\" \/>\n<meta property=\"og:site_name\" content=\"AV Life | Alquiler y soluciones audiovisuales profesionales para eventos\" \/>\n<meta property=\"article:modified_time\" content=\"2026-03-31T10:43:38+00:00\" \/>\n<meta name=\"twitter:card\" content=\"summary_large_image\" \/>\n<meta name=\"twitter:label1\" content=\"Est. reading time\" \/>\n\t<meta name=\"twitter:data1\" content=\"2 minutes\" \/>\n<script type=\"application\/ld+json\" class=\"yoast-schema-graph\">{\"@context\":\"https:\\\/\\\/schema.org\",\"@graph\":[{\"@type\":\"WebPage\",\"@id\":\"https:\\\/\\\/avlife.es\\\/en\\\/video-mixer-rental\\\/\",\"url\":\"https:\\\/\\\/avlife.es\\\/en\\\/video-mixer-rental\\\/\",\"name\":\"Video mixer rental | AV Life | Alquiler y soluciones audiovisuales profesionales para eventos\",\"isPartOf\":{\"@id\":\"https:\\\/\\\/avlife.es\\\/#website\"},\"datePublished\":\"2025-02-12T21:20:41+00:00\",\"dateModified\":\"2026-03-31T10:43:38+00:00\",\"description\":\"Video mixer rental Discover our range of sound mixers from the best brands. At Avlife we offer a complete catalog of video mixers. We have Roland video\",\"breadcrumb\":{\"@id\":\"https:\\\/\\\/avlife.es\\\/en\\\/video-mixer-rental\\\/#breadcrumb\"},\"inLanguage\":\"en-US\",\"potentialAction\":[{\"@type\":\"ReadAction\",\"target\":[\"https:\\\/\\\/avlife.es\\\/en\\\/video-mixer-rental\\\/\"]}]},{\"@type\":\"BreadcrumbList\",\"@id\":\"https:\\\/\\\/avlife.es\\\/en\\\/video-mixer-rental\\\/#breadcrumb\",\"itemListElement\":[{\"@type\":\"ListItem\",\"position\":1,\"name\":\"Portada\",\"item\":\"https:\\\/\\\/avlife.es\\\/en\\\/\"},{\"@type\":\"ListItem\",\"position\":2,\"name\":\"Video mixer rental\"}]},{\"@type\":\"WebSite\",\"@id\":\"https:\\\/\\\/avlife.es\\\/#website\",\"url\":\"https:\\\/\\\/avlife.es\\\/\",\"name\":\"Avlife\",\"description\":\"Soluciones audiovisuales integrales y alquiler de equipos para eventos y producciones: sonido, iluminaci\u00f3n, v\u00eddeo y equipo t\u00e9cnico profesional con resultados impecables.\",\"publisher\":{\"@id\":\"https:\\\/\\\/avlife.es\\\/#organization\"},\"alternateName\":\"Servicios audiovisuales para eventos, cine y publicidad\",\"potentialAction\":[{\"@type\":\"SearchAction\",\"target\":{\"@type\":\"EntryPoint\",\"urlTemplate\":\"https:\\\/\\\/avlife.es\\\/?s={search_term_string}\"},\"query-input\":{\"@type\":\"PropertyValueSpecification\",\"valueRequired\":true,\"valueName\":\"search_term_string\"}}],\"inLanguage\":\"en-US\"},{\"@type\":\"Organization\",\"@id\":\"https:\\\/\\\/avlife.es\\\/#organization\",\"name\":\"Avlife\",\"url\":\"https:\\\/\\\/avlife.es\\\/\",\"logo\":{\"@type\":\"ImageObject\",\"inLanguage\":\"en-US\",\"@id\":\"https:\\\/\\\/avlife.es\\\/#\\\/schema\\\/logo\\\/image\\\/\",\"url\":\"https:\\\/\\\/avlife.es\\\/wp-content\\\/uploads\\\/2025\\\/01\\\/cropped-Diseno-sin-titulo-3.png\",\"contentUrl\":\"https:\\\/\\\/avlife.es\\\/wp-content\\\/uploads\\\/2025\\\/01\\\/cropped-Diseno-sin-titulo-3.png\",\"width\":512,\"height\":512,\"caption\":\"Avlife\"},\"image\":{\"@id\":\"https:\\\/\\\/avlife.es\\\/#\\\/schema\\\/logo\\\/image\\\/\"}}]}<\/script>\n<!-- \/ Yoast SEO plugin. -->","yoast_head_json":{"title":"Video mixer rental | AV Life | Alquiler y soluciones audiovisuales profesionales para eventos","description":"Video mixer rental Discover our range of sound mixers from the best brands. At Avlife we offer a complete catalog of video mixers. We have Roland video","robots":{"index":"index","follow":"follow","max-snippet":"max-snippet:-1","max-image-preview":"max-image-preview:large","max-video-preview":"max-video-preview:-1"},"canonical":"https:\/\/avlife.es\/en\/video-mixer-rental\/","og_locale":"en_US","og_type":"article","og_title":"Video mixer rental | AV Life | Alquiler y soluciones audiovisuales profesionales para eventos","og_description":"Video mixer rental Discover our range of sound mixers from the best brands. At Avlife we offer a complete catalog of video mixers. We have Roland video","og_url":"https:\/\/avlife.es\/en\/video-mixer-rental\/","og_site_name":"AV Life | Alquiler y soluciones audiovisuales profesionales para eventos","article_modified_time":"2026-03-31T10:43:38+00:00","twitter_card":"summary_large_image","twitter_misc":{"Est. reading time":"2 minutes"},"schema":{"@context":"https:\/\/schema.org","@graph":[{"@type":"WebPage","@id":"https:\/\/avlife.es\/en\/video-mixer-rental\/","url":"https:\/\/avlife.es\/en\/video-mixer-rental\/","name":"Video mixer rental | AV Life | Alquiler y soluciones audiovisuales profesionales para eventos","isPartOf":{"@id":"https:\/\/avlife.es\/#website"},"datePublished":"2025-02-12T21:20:41+00:00","dateModified":"2026-03-31T10:43:38+00:00","description":"Video mixer rental Discover our range of sound mixers from the best brands. At Avlife we offer a complete catalog of video mixers. We have Roland video","breadcrumb":{"@id":"https:\/\/avlife.es\/en\/video-mixer-rental\/#breadcrumb"},"inLanguage":"en-US","potentialAction":[{"@type":"ReadAction","target":["https:\/\/avlife.es\/en\/video-mixer-rental\/"]}]},{"@type":"BreadcrumbList","@id":"https:\/\/avlife.es\/en\/video-mixer-rental\/#breadcrumb","itemListElement":[{"@type":"ListItem","position":1,"name":"Portada","item":"https:\/\/avlife.es\/en\/"},{"@type":"ListItem","position":2,"name":"Video mixer rental"}]},{"@type":"WebSite","@id":"https:\/\/avlife.es\/#website","url":"https:\/\/avlife.es\/","name":"Avlife","description":"Soluciones audiovisuales integrales y alquiler de equipos para eventos y producciones: sonido, iluminaci\u00f3n, v\u00eddeo y equipo t\u00e9cnico profesional con resultados impecables.","publisher":{"@id":"https:\/\/avlife.es\/#organization"},"alternateName":"Servicios audiovisuales para eventos, cine y publicidad","potentialAction":[{"@type":"SearchAction","target":{"@type":"EntryPoint","urlTemplate":"https:\/\/avlife.es\/?s={search_term_string}"},"query-input":{"@type":"PropertyValueSpecification","valueRequired":true,"valueName":"search_term_string"}}],"inLanguage":"en-US"},{"@type":"Organization","@id":"https:\/\/avlife.es\/#organization","name":"Avlife","url":"https:\/\/avlife.es\/","logo":{"@type":"ImageObject","inLanguage":"en-US","@id":"https:\/\/avlife.es\/#\/schema\/logo\/image\/","url":"https:\/\/avlife.es\/wp-content\/uploads\/2025\/01\/cropped-Diseno-sin-titulo-3.png","contentUrl":"https:\/\/avlife.es\/wp-content\/uploads\/2025\/01\/cropped-Diseno-sin-titulo-3.png","width":512,"height":512,"caption":"Avlife"},"image":{"@id":"https:\/\/avlife.es\/#\/schema\/logo\/image\/"}}]}},"_links":{"self":[{"href":"https:\/\/avlife.es\/en\/wp-json\/wp\/v2\/pages\/2026","targetHints":{"allow":["GET"]}}],"collection":[{"href":"https:\/\/avlife.es\/en\/wp-json\/wp\/v2\/pages"}],"about":[{"href":"https:\/\/avlife.es\/en\/wp-json\/wp\/v2\/types\/page"}],"author":[{"embeddable":true,"href":"https:\/\/avlife.es\/en\/wp-json\/wp\/v2\/users\/2"}],"replies":[{"embeddable":true,"href":"https:\/\/avlife.es\/en\/wp-json\/wp\/v2\/comments?post=2026"}],"version-history":[{"count":7,"href":"https:\/\/avlife.es\/en\/wp-json\/wp\/v2\/pages\/2026\/revisions"}],"predecessor-version":[{"id":6320,"href":"https:\/\/avlife.es\/en\/wp-json\/wp\/v2\/pages\/2026\/revisions\/6320"}],"wp:attachment":[{"href":"https:\/\/avlife.es\/en\/wp-json\/wp\/v2\/media?parent=2026"}],"curies":[{"name":"wp","href":"https:\/\/api.w.org\/{rel}","templated":true}]}}