{"id":1468,"date":"2025-01-26T18:00:41","date_gmt":"2025-01-26T17:00:41","guid":{"rendered":"https:\/\/avlife.clusterwp.dergen.es\/?page_id=1468"},"modified":"2025-02-03T09:12:13","modified_gmt":"2025-02-03T08:12:13","slug":"video-image","status":"publish","type":"page","link":"https:\/\/avlife.es\/en\/video-image\/","title":{"rendered":"Video \/ Image"},"content":{"rendered":"\t\t<div data-elementor-type=\"wp-page\" data-elementor-id=\"1468\" class=\"elementor elementor-1468 elementor-469\" data-elementor-post-type=\"page\">\n\t\t\t\t<div class=\"elementor-element elementor-element-8e02ac6 e-flex e-con-boxed e-con e-parent\" data-id=\"8e02ac6\" data-element_type=\"container\" data-e-type=\"container\" data-settings=\"{&quot;background_background&quot;:&quot;classic&quot;}\">\n\t\t\t\t\t<div class=\"e-con-inner\">\n\t\t<div class=\"elementor-element elementor-element-8edc9c1 e-con-full elementor-hidden-widescreen elementor-hidden-desktop elementor-hidden-laptop elementor-hidden-tablet elementor-hidden-tablet_extra elementor-hidden-mobile_extra e-flex e-con e-child\" data-id=\"8edc9c1\" data-element_type=\"container\" data-e-type=\"container\" data-settings=\"{&quot;background_background&quot;:&quot;classic&quot;}\">\n\t\t\t\t<div class=\"elementor-element elementor-element-904459b elementor-hidden-widescreen elementor-hidden-desktop elementor-hidden-laptop elementor-hidden-tablet_extra elementor-hidden-tablet elementor-hidden-mobile_extra elementor-widget elementor-widget-image\" data-id=\"904459b\" data-element_type=\"widget\" data-e-type=\"widget\" data-widget_type=\"image.default\">\n\t\t\t\t<div class=\"elementor-widget-container\">\n\t\t\t\t\t\t\t\t\t\t\t\t\t\t\t<img fetchpriority=\"high\" decoding=\"async\" width=\"575\" height=\"800\" src=\"https:\/\/avlife.es\/wp-content\/uploads\/2025\/02\/IMG_6366.avif\" class=\"attachment-large size-large wp-image-1077\" alt=\"\" srcset=\"https:\/\/avlife.es\/wp-content\/uploads\/2025\/02\/IMG_6366.avif 575w, https:\/\/avlife.es\/wp-content\/uploads\/2025\/02\/IMG_6366-300x417.avif 300w\" sizes=\"(max-width: 575px) 100vw, 575px\" \/>\t\t\t\t\t\t\t\t\t\t\t\t\t\t\t<\/div>\n\t\t\t\t<\/div>\n\t\t\t\t<\/div>\n\t\t<div class=\"elementor-element elementor-element-37441df e-con-full e-flex e-con e-child\" data-id=\"37441df\" data-element_type=\"container\" data-e-type=\"container\">\n\t\t\t\t<div class=\"elementor-element elementor-element-7862fb92 elementor-widget elementor-widget-heading\" data-id=\"7862fb92\" data-element_type=\"widget\" data-e-type=\"widget\" data-widget_type=\"heading.default\">\n\t\t\t\t<div class=\"elementor-widget-container\">\n\t\t\t\t\t<h2 class=\"elementor-heading-title elementor-size-default\">VIDEO \/ IMAGE<\/h2>\t\t\t\t<\/div>\n\t\t\t\t<\/div>\n\t\t\t\t<div class=\"elementor-element elementor-element-5793d4f1 elementor-widget elementor-widget-text-editor\" data-id=\"5793d4f1\" data-element_type=\"widget\" data-e-type=\"widget\" data-widget_type=\"text-editor.default\">\n\t\t\t\t<div class=\"elementor-widget-container\">\n\t\t\t\t\t\t\t\t\t<p>Material for projection, video playback, and filming material.<\/p>\t\t\t\t\t\t\t\t<\/div>\n\t\t\t\t<\/div>\n\t\t\t\t<div class=\"elementor-element elementor-element-66631528 elementor-widget elementor-widget-text-editor\" data-id=\"66631528\" data-element_type=\"widget\" data-e-type=\"widget\" data-widget_type=\"text-editor.default\">\n\t\t\t\t<div class=\"elementor-widget-container\">\n\t\t\t\t\t\t\t\t\t<p>We have the best equipment for the projection and playback of any content of your event, from presentations to corporate videos. You can hold in-person events or video conferences with our video and computer equipment.<\/p>\t\t\t\t\t\t\t\t<\/div>\n\t\t\t\t<\/div>\n\t\t\t\t<div class=\"elementor-element elementor-element-31dc2285 elementor-align-center elementor-widget elementor-widget-button\" data-id=\"31dc2285\" data-element_type=\"widget\" data-e-type=\"widget\" data-widget_type=\"button.default\">\n\t\t\t\t<div class=\"elementor-widget-container\">\n\t\t\t\t\t\t\t\t\t<div class=\"elementor-button-wrapper\">\n\t\t\t\t\t<a class=\"elementor-button elementor-button-link elementor-size-sm\" href=\"\/contact\/\">\n\t\t\t\t\t\t<span class=\"elementor-button-content-wrapper\">\n\t\t\t\t\t\t\t\t\t<span class=\"elementor-button-text\">Contact<\/span>\n\t\t\t\t\t<\/span>\n\t\t\t\t\t<\/a>\n\t\t\t\t<\/div>\n\t\t\t\t\t\t\t\t<\/div>\n\t\t\t\t<\/div>\n\t\t\t\t<\/div>\n\t\t<div class=\"elementor-element elementor-element-4be2afe e-con-full elementor-hidden-mobile elementor-hidden-mobile_extra e-flex e-con e-child\" data-id=\"4be2afe\" data-element_type=\"container\" data-e-type=\"container\" data-settings=\"{&quot;background_background&quot;:&quot;classic&quot;}\">\n\t\t\t\t<div class=\"elementor-element elementor-element-9cd6997 elementor-widget elementor-widget-image\" data-id=\"9cd6997\" data-element_type=\"widget\" data-e-type=\"widget\" data-widget_type=\"image.default\">\n\t\t\t\t<div class=\"elementor-widget-container\">\n\t\t\t\t\t\t\t\t\t\t\t\t\t\t\t<img decoding=\"async\" width=\"600\" height=\"825\" src=\"https:\/\/avlife.es\/wp-content\/uploads\/2025\/02\/Diseno-sin-titulo-15.png\" class=\"attachment-large size-large wp-image-1082\" alt=\"\" srcset=\"https:\/\/avlife.es\/wp-content\/uploads\/2025\/02\/Diseno-sin-titulo-15.png 600w, https:\/\/avlife.es\/wp-content\/uploads\/2025\/02\/Diseno-sin-titulo-15-300x413.png 300w, https:\/\/avlife.es\/wp-content\/uploads\/2025\/02\/Diseno-sin-titulo-15-218x300.png 218w\" sizes=\"(max-width: 600px) 100vw, 600px\" \/>\t\t\t\t\t\t\t\t\t\t\t\t\t\t\t<\/div>\n\t\t\t\t<\/div>\n\t\t\t\t<\/div>\n\t\t\t\t\t<\/div>\n\t\t\t\t<\/div>\n\t\t<div class=\"elementor-element elementor-element-7939f73a e-flex e-con-boxed e-con e-parent\" data-id=\"7939f73a\" data-element_type=\"container\" data-e-type=\"container\" data-settings=\"{&quot;background_background&quot;:&quot;classic&quot;}\">\n\t\t\t\t\t<div class=\"e-con-inner\">\n\t\t\t\t\t<\/div>\n\t\t\t\t<\/div>\n\t\t\t\t<\/div>\n\t\t","protected":false},"excerpt":{"rendered":"<p>VIDEO \/ IMAGE Material for projection, video playback, and filming material. We have the best equipment for the projection and playback of any content of your event, from presentations to corporate videos. You can hold in-person events or video conferences with our video and computer equipment. Contact #jtg-1102 .modula-item .jtg-social a, .lightbox-socials.jtg-social a{ fill: #ffffff;<br \/><a class=\"moretag\" href=\"https:\/\/avlife.es\/en\/video-image\/\">+ Read More<\/a><\/p>\n","protected":false},"author":161,"featured_media":0,"parent":0,"menu_order":0,"comment_status":"closed","ping_status":"closed","template":"templates\/elementor.php","meta":{"_acf_changed":false,"footnotes":""},"class_list":["post-1468","page","type-page","status-publish","hentry"],"acf":[],"yoast_head":"<!-- This site is optimized with the Yoast SEO plugin v27.4 - https:\/\/yoast.com\/product\/yoast-seo-wordpress\/ -->\n<title>Video \/ Image | AV Life | Alquiler y soluciones audiovisuales profesionales para eventos<\/title>\n<meta name=\"description\" content=\"VIDEO \/ IMAGE Material for projection, video playback, and filming material.We have the best equipment for the projection and playback of any content of\" \/>\n<meta name=\"robots\" content=\"index, follow, max-snippet:-1, max-image-preview:large, max-video-preview:-1\" \/>\n<link rel=\"canonical\" href=\"https:\/\/avlife.es\/video-imagen\/\" \/>\n<meta property=\"og:locale\" content=\"en_US\" \/>\n<meta property=\"og:type\" content=\"article\" \/>\n<meta property=\"og:title\" content=\"Video \/ Image | AV Life | Alquiler y soluciones audiovisuales profesionales para eventos\" \/>\n<meta property=\"og:description\" content=\"VIDEO \/ IMAGE Material for projection, video playback, and filming material.We have the best equipment for the projection and playback of any content of\" \/>\n<meta property=\"og:url\" content=\"https:\/\/avlife.es\/video-imagen\/\" \/>\n<meta property=\"og:site_name\" content=\"AV Life | Alquiler y soluciones audiovisuales profesionales para eventos\" \/>\n<meta property=\"article:modified_time\" content=\"2025-02-03T08:12:13+00:00\" \/>\n<meta property=\"og:image\" content=\"https:\/\/avlife.es\/wp-content\/uploads\/2025\/02\/IMG_6366.avif\" \/>\n<meta name=\"twitter:card\" content=\"summary_large_image\" \/>\n<meta name=\"twitter:label1\" content=\"Est. reading time\" \/>\n\t<meta name=\"twitter:data1\" content=\"1 minute\" \/>\n<script type=\"application\/ld+json\" class=\"yoast-schema-graph\">{\"@context\":\"https:\\\/\\\/schema.org\",\"@graph\":[{\"@type\":\"WebPage\",\"@id\":\"https:\\\/\\\/avlife.es\\\/video-imagen\\\/\",\"url\":\"https:\\\/\\\/avlife.es\\\/video-imagen\\\/\",\"name\":\"Video \\\/ Image | AV Life | Alquiler y soluciones audiovisuales profesionales para eventos\",\"isPartOf\":{\"@id\":\"https:\\\/\\\/avlife.es\\\/#website\"},\"primaryImageOfPage\":{\"@id\":\"https:\\\/\\\/avlife.es\\\/video-imagen\\\/#primaryimage\"},\"image\":{\"@id\":\"https:\\\/\\\/avlife.es\\\/video-imagen\\\/#primaryimage\"},\"thumbnailUrl\":\"https:\\\/\\\/avlife.es\\\/wp-content\\\/uploads\\\/2025\\\/02\\\/IMG_6366.avif\",\"datePublished\":\"2025-01-26T17:00:41+00:00\",\"dateModified\":\"2025-02-03T08:12:13+00:00\",\"description\":\"VIDEO \\\/ IMAGE Material for projection, video playback, and filming material.We have the best equipment for the projection and playback of any content of\",\"breadcrumb\":{\"@id\":\"https:\\\/\\\/avlife.es\\\/video-imagen\\\/#breadcrumb\"},\"inLanguage\":\"en-US\",\"potentialAction\":[{\"@type\":\"ReadAction\",\"target\":[\"https:\\\/\\\/avlife.es\\\/video-imagen\\\/\"]}]},{\"@type\":\"ImageObject\",\"inLanguage\":\"en-US\",\"@id\":\"https:\\\/\\\/avlife.es\\\/video-imagen\\\/#primaryimage\",\"url\":\"https:\\\/\\\/avlife.es\\\/wp-content\\\/uploads\\\/2025\\\/02\\\/IMG_6366.avif\",\"contentUrl\":\"https:\\\/\\\/avlife.es\\\/wp-content\\\/uploads\\\/2025\\\/02\\\/IMG_6366.avif\"},{\"@type\":\"BreadcrumbList\",\"@id\":\"https:\\\/\\\/avlife.es\\\/video-imagen\\\/#breadcrumb\",\"itemListElement\":[{\"@type\":\"ListItem\",\"position\":1,\"name\":\"Portada\",\"item\":\"https:\\\/\\\/avlife.es\\\/en\\\/\"},{\"@type\":\"ListItem\",\"position\":2,\"name\":\"Video \\\/ Image\"}]},{\"@type\":\"WebSite\",\"@id\":\"https:\\\/\\\/avlife.es\\\/#website\",\"url\":\"https:\\\/\\\/avlife.es\\\/\",\"name\":\"Avlife\",\"description\":\"Soluciones audiovisuales integrales y alquiler de equipos para eventos y producciones: sonido, iluminaci\u00f3n, v\u00eddeo y equipo t\u00e9cnico profesional con resultados impecables.\",\"publisher\":{\"@id\":\"https:\\\/\\\/avlife.es\\\/#organization\"},\"alternateName\":\"Servicios audiovisuales para eventos, cine y publicidad\",\"potentialAction\":[{\"@type\":\"SearchAction\",\"target\":{\"@type\":\"EntryPoint\",\"urlTemplate\":\"https:\\\/\\\/avlife.es\\\/?s={search_term_string}\"},\"query-input\":{\"@type\":\"PropertyValueSpecification\",\"valueRequired\":true,\"valueName\":\"search_term_string\"}}],\"inLanguage\":\"en-US\"},{\"@type\":\"Organization\",\"@id\":\"https:\\\/\\\/avlife.es\\\/#organization\",\"name\":\"Avlife\",\"url\":\"https:\\\/\\\/avlife.es\\\/\",\"logo\":{\"@type\":\"ImageObject\",\"inLanguage\":\"en-US\",\"@id\":\"https:\\\/\\\/avlife.es\\\/#\\\/schema\\\/logo\\\/image\\\/\",\"url\":\"https:\\\/\\\/avlife.es\\\/wp-content\\\/uploads\\\/2025\\\/01\\\/cropped-Diseno-sin-titulo-3.png\",\"contentUrl\":\"https:\\\/\\\/avlife.es\\\/wp-content\\\/uploads\\\/2025\\\/01\\\/cropped-Diseno-sin-titulo-3.png\",\"width\":512,\"height\":512,\"caption\":\"Avlife\"},\"image\":{\"@id\":\"https:\\\/\\\/avlife.es\\\/#\\\/schema\\\/logo\\\/image\\\/\"}}]}<\/script>\n<!-- \/ Yoast SEO plugin. -->","yoast_head_json":{"title":"Video \/ Image | AV Life | Alquiler y soluciones audiovisuales profesionales para eventos","description":"VIDEO \/ IMAGE Material for projection, video playback, and filming material.We have the best equipment for the projection and playback of any content of","robots":{"index":"index","follow":"follow","max-snippet":"max-snippet:-1","max-image-preview":"max-image-preview:large","max-video-preview":"max-video-preview:-1"},"canonical":"https:\/\/avlife.es\/video-imagen\/","og_locale":"en_US","og_type":"article","og_title":"Video \/ Image | AV Life | Alquiler y soluciones audiovisuales profesionales para eventos","og_description":"VIDEO \/ IMAGE Material for projection, video playback, and filming material.We have the best equipment for the projection and playback of any content of","og_url":"https:\/\/avlife.es\/video-imagen\/","og_site_name":"AV Life | Alquiler y soluciones audiovisuales profesionales para eventos","article_modified_time":"2025-02-03T08:12:13+00:00","og_image":[{"url":"https:\/\/avlife.es\/wp-content\/uploads\/2025\/02\/IMG_6366.avif","type":"","width":"","height":""}],"twitter_card":"summary_large_image","twitter_misc":{"Est. reading time":"1 minute"},"schema":{"@context":"https:\/\/schema.org","@graph":[{"@type":"WebPage","@id":"https:\/\/avlife.es\/video-imagen\/","url":"https:\/\/avlife.es\/video-imagen\/","name":"Video \/ Image | AV Life | Alquiler y soluciones audiovisuales profesionales para eventos","isPartOf":{"@id":"https:\/\/avlife.es\/#website"},"primaryImageOfPage":{"@id":"https:\/\/avlife.es\/video-imagen\/#primaryimage"},"image":{"@id":"https:\/\/avlife.es\/video-imagen\/#primaryimage"},"thumbnailUrl":"https:\/\/avlife.es\/wp-content\/uploads\/2025\/02\/IMG_6366.avif","datePublished":"2025-01-26T17:00:41+00:00","dateModified":"2025-02-03T08:12:13+00:00","description":"VIDEO \/ IMAGE Material for projection, video playback, and filming material.We have the best equipment for the projection and playback of any content of","breadcrumb":{"@id":"https:\/\/avlife.es\/video-imagen\/#breadcrumb"},"inLanguage":"en-US","potentialAction":[{"@type":"ReadAction","target":["https:\/\/avlife.es\/video-imagen\/"]}]},{"@type":"ImageObject","inLanguage":"en-US","@id":"https:\/\/avlife.es\/video-imagen\/#primaryimage","url":"https:\/\/avlife.es\/wp-content\/uploads\/2025\/02\/IMG_6366.avif","contentUrl":"https:\/\/avlife.es\/wp-content\/uploads\/2025\/02\/IMG_6366.avif"},{"@type":"BreadcrumbList","@id":"https:\/\/avlife.es\/video-imagen\/#breadcrumb","itemListElement":[{"@type":"ListItem","position":1,"name":"Portada","item":"https:\/\/avlife.es\/en\/"},{"@type":"ListItem","position":2,"name":"Video \/ Image"}]},{"@type":"WebSite","@id":"https:\/\/avlife.es\/#website","url":"https:\/\/avlife.es\/","name":"Avlife","description":"Soluciones audiovisuales integrales y alquiler de equipos para eventos y producciones: sonido, iluminaci\u00f3n, v\u00eddeo y equipo t\u00e9cnico profesional con resultados impecables.","publisher":{"@id":"https:\/\/avlife.es\/#organization"},"alternateName":"Servicios audiovisuales para eventos, cine y publicidad","potentialAction":[{"@type":"SearchAction","target":{"@type":"EntryPoint","urlTemplate":"https:\/\/avlife.es\/?s={search_term_string}"},"query-input":{"@type":"PropertyValueSpecification","valueRequired":true,"valueName":"search_term_string"}}],"inLanguage":"en-US"},{"@type":"Organization","@id":"https:\/\/avlife.es\/#organization","name":"Avlife","url":"https:\/\/avlife.es\/","logo":{"@type":"ImageObject","inLanguage":"en-US","@id":"https:\/\/avlife.es\/#\/schema\/logo\/image\/","url":"https:\/\/avlife.es\/wp-content\/uploads\/2025\/01\/cropped-Diseno-sin-titulo-3.png","contentUrl":"https:\/\/avlife.es\/wp-content\/uploads\/2025\/01\/cropped-Diseno-sin-titulo-3.png","width":512,"height":512,"caption":"Avlife"},"image":{"@id":"https:\/\/avlife.es\/#\/schema\/logo\/image\/"}}]}},"_links":{"self":[{"href":"https:\/\/avlife.es\/en\/wp-json\/wp\/v2\/pages\/1468","targetHints":{"allow":["GET"]}}],"collection":[{"href":"https:\/\/avlife.es\/en\/wp-json\/wp\/v2\/pages"}],"about":[{"href":"https:\/\/avlife.es\/en\/wp-json\/wp\/v2\/types\/page"}],"author":[{"embeddable":true,"href":"https:\/\/avlife.es\/en\/wp-json\/wp\/v2\/users\/161"}],"replies":[{"embeddable":true,"href":"https:\/\/avlife.es\/en\/wp-json\/wp\/v2\/comments?post=1468"}],"version-history":[{"count":7,"href":"https:\/\/avlife.es\/en\/wp-json\/wp\/v2\/pages\/1468\/revisions"}],"predecessor-version":[{"id":1587,"href":"https:\/\/avlife.es\/en\/wp-json\/wp\/v2\/pages\/1468\/revisions\/1587"}],"wp:attachment":[{"href":"https:\/\/avlife.es\/en\/wp-json\/wp\/v2\/media?parent=1468"}],"curies":[{"name":"wp","href":"https:\/\/api.w.org\/{rel}","templated":true}]}}