{"id":1450,"date":"2025-01-26T18:00:13","date_gmt":"2025-01-26T17:00:13","guid":{"rendered":"https:\/\/avlife.clusterwp.dergen.es\/?page_id=1450"},"modified":"2025-02-02T23:07:00","modified_gmt":"2025-02-02T22:07:00","slug":"sound","status":"publish","type":"page","link":"https:\/\/avlife.es\/en\/services\/sound\/","title":{"rendered":"Sound"},"content":{"rendered":"\t\t<div data-elementor-type=\"wp-page\" data-elementor-id=\"1450\" class=\"elementor elementor-1450 elementor-468\" data-elementor-post-type=\"page\">\n\t\t\t\t<div class=\"elementor-element elementor-element-1937da8e e-flex e-con-boxed e-con e-parent\" data-id=\"1937da8e\" data-element_type=\"container\" data-e-type=\"container\" data-settings=\"{&quot;background_background&quot;:&quot;classic&quot;}\">\n\t\t\t\t\t<div class=\"e-con-inner\">\n\t\t\t\t<div class=\"elementor-element elementor-element-43360214 elementor-widget elementor-widget-heading\" data-id=\"43360214\" data-element_type=\"widget\" data-e-type=\"widget\" data-widget_type=\"heading.default\">\n\t\t\t\t<div class=\"elementor-widget-container\">\n\t\t\t\t\t<h2 class=\"elementor-heading-title elementor-size-default\">SOUND<\/h2>\t\t\t\t<\/div>\n\t\t\t\t<\/div>\n\t\t\t\t<div class=\"elementor-element elementor-element-4deffb87 elementor-widget elementor-widget-text-editor\" data-id=\"4deffb87\" data-element_type=\"widget\" data-e-type=\"widget\" data-widget_type=\"text-editor.default\">\n\t\t\t\t<div class=\"elementor-widget-container\">\n\t\t\t\t\t\t\t\t\t<p>Professional microphone and speaker equipment tailored to your needs.<\/p>\t\t\t\t\t\t\t\t<\/div>\n\t\t\t\t<\/div>\n\t\t\t\t<div class=\"elementor-element elementor-element-3f0d167a elementor-widget elementor-widget-text-editor\" data-id=\"3f0d167a\" data-element_type=\"widget\" data-e-type=\"widget\" data-widget_type=\"text-editor.default\">\n\t\t\t\t<div class=\"elementor-widget-container\">\n\t\t\t\t\t\t\t\t\t<p>At <strong>Avlife<\/strong> we want to convey the <strong>peace of mind and confidence<\/strong> of working with the <strong>best sound equipment<\/strong> for any type of event, whether it be <strong>a presentation<\/strong> or a <strong>more festive event<\/strong>. You will be able to play <strong>speeches, videos or music<\/strong> with the <strong>best quality<\/strong> thanks to our <strong>equipment and technicians<\/strong>.<\/p>\t\t\t\t\t\t\t\t<\/div>\n\t\t\t\t<\/div>\n\t\t\t\t<div class=\"elementor-element elementor-element-77dea050 elementor-mobile-align-center elementor-widget elementor-widget-button\" data-id=\"77dea050\" data-element_type=\"widget\" data-e-type=\"widget\" data-widget_type=\"button.default\">\n\t\t\t\t<div class=\"elementor-widget-container\">\n\t\t\t\t\t\t\t\t\t<div class=\"elementor-button-wrapper\">\n\t\t\t\t\t<a class=\"elementor-button elementor-button-link elementor-size-sm\" href=\"\/contact\/\">\n\t\t\t\t\t\t<span class=\"elementor-button-content-wrapper\">\n\t\t\t\t\t\t\t\t\t<span class=\"elementor-button-text\">Contact<\/span>\n\t\t\t\t\t<\/span>\n\t\t\t\t\t<\/a>\n\t\t\t\t<\/div>\n\t\t\t\t\t\t\t\t<\/div>\n\t\t\t\t<\/div>\n\t\t\t\t\t<\/div>\n\t\t\t\t<\/div>\n\t\t<div class=\"elementor-element elementor-element-4ff6c35f e-con-full e-flex e-con e-parent\" data-id=\"4ff6c35f\" data-element_type=\"container\" data-e-type=\"container\" data-settings=\"{&quot;background_background&quot;:&quot;classic&quot;}\">\n\t\t\t\t<\/div>\n\t\t\t\t<\/div>\n\t\t","protected":false},"excerpt":{"rendered":"<p>SOUND Professional microphone and speaker equipment tailored to your needs. At Avlife we want to convey the peace of mind and confidence of working with the best sound equipment for any type of event, whether it be a presentation or a more festive event. You will be able to play speeches, videos or music with<br \/><a class=\"moretag\" href=\"https:\/\/avlife.es\/en\/services\/sound\/\">+ Read More<\/a><\/p>\n","protected":false},"author":161,"featured_media":0,"parent":1419,"menu_order":0,"comment_status":"closed","ping_status":"closed","template":"templates\/elementor.php","meta":{"_acf_changed":false,"footnotes":""},"class_list":["post-1450","page","type-page","status-publish","hentry"],"acf":[],"yoast_head":"<!-- This site is optimized with the Yoast SEO plugin v27.5 - https:\/\/yoast.com\/product\/yoast-seo-wordpress\/ -->\n<title>Sound | AV Life | Alquiler y soluciones audiovisuales profesionales para eventos<\/title>\n<meta name=\"description\" content=\"SOUND Professional microphone and speaker equipment tailored to your needs.At Avlife we want to convey the peace of mind and confidence of working with\" \/>\n<meta name=\"robots\" content=\"index, follow, max-snippet:-1, max-image-preview:large, max-video-preview:-1\" \/>\n<link rel=\"canonical\" href=\"https:\/\/avlife.es\/en\/sound\/\" \/>\n<meta property=\"og:locale\" content=\"en_US\" \/>\n<meta property=\"og:type\" content=\"article\" \/>\n<meta property=\"og:title\" content=\"Sound | AV Life | Alquiler y soluciones audiovisuales profesionales para eventos\" \/>\n<meta property=\"og:description\" content=\"SOUND Professional microphone and speaker equipment tailored to your needs.At Avlife we want to convey the peace of mind and confidence of working with\" \/>\n<meta property=\"og:url\" content=\"https:\/\/avlife.es\/en\/sound\/\" \/>\n<meta property=\"og:site_name\" content=\"AV Life | Alquiler y soluciones audiovisuales profesionales para eventos\" \/>\n<meta property=\"article:modified_time\" content=\"2025-02-02T22:07:00+00:00\" \/>\n<meta property=\"og:image\" content=\"https:\/\/avlife.es\/wp-content\/uploads\/2025\/02\/20b490_044aa2eb024d43b8a3fbdf9282cc255emv2.jpg\" \/>\n<meta name=\"twitter:card\" content=\"summary_large_image\" \/>\n<meta name=\"twitter:label1\" content=\"Est. reading time\" \/>\n\t<meta name=\"twitter:data1\" content=\"1 minute\" \/>\n<script type=\"application\/ld+json\" class=\"yoast-schema-graph\">{\"@context\":\"https:\\\/\\\/schema.org\",\"@graph\":[{\"@type\":\"WebPage\",\"@id\":\"https:\\\/\\\/avlife.es\\\/en\\\/sound\\\/\",\"url\":\"https:\\\/\\\/avlife.es\\\/en\\\/sound\\\/\",\"name\":\"Sound | AV Life | Alquiler y soluciones audiovisuales profesionales para eventos\",\"isPartOf\":{\"@id\":\"https:\\\/\\\/avlife.es\\\/#website\"},\"primaryImageOfPage\":{\"@id\":\"https:\\\/\\\/avlife.es\\\/en\\\/sound\\\/#primaryimage\"},\"image\":{\"@id\":\"https:\\\/\\\/avlife.es\\\/en\\\/sound\\\/#primaryimage\"},\"thumbnailUrl\":\"https:\\\/\\\/avlife.es\\\/wp-content\\\/uploads\\\/2025\\\/02\\\/20b490_044aa2eb024d43b8a3fbdf9282cc255emv2.jpg\",\"datePublished\":\"2025-01-26T17:00:13+00:00\",\"dateModified\":\"2025-02-02T22:07:00+00:00\",\"description\":\"SOUND Professional microphone and speaker equipment tailored to your needs.At Avlife we want to convey the peace of mind and confidence of working with\",\"breadcrumb\":{\"@id\":\"https:\\\/\\\/avlife.es\\\/en\\\/sound\\\/#breadcrumb\"},\"inLanguage\":\"en-US\",\"potentialAction\":[{\"@type\":\"ReadAction\",\"target\":[\"https:\\\/\\\/avlife.es\\\/en\\\/sound\\\/\"]}]},{\"@type\":\"ImageObject\",\"inLanguage\":\"en-US\",\"@id\":\"https:\\\/\\\/avlife.es\\\/en\\\/sound\\\/#primaryimage\",\"url\":\"https:\\\/\\\/avlife.es\\\/wp-content\\\/uploads\\\/2025\\\/02\\\/20b490_044aa2eb024d43b8a3fbdf9282cc255emv2.jpg\",\"contentUrl\":\"https:\\\/\\\/avlife.es\\\/wp-content\\\/uploads\\\/2025\\\/02\\\/20b490_044aa2eb024d43b8a3fbdf9282cc255emv2.jpg\"},{\"@type\":\"BreadcrumbList\",\"@id\":\"https:\\\/\\\/avlife.es\\\/en\\\/sound\\\/#breadcrumb\",\"itemListElement\":[{\"@type\":\"ListItem\",\"position\":1,\"name\":\"Portada\",\"item\":\"https:\\\/\\\/avlife.es\\\/en\\\/\"},{\"@type\":\"ListItem\",\"position\":2,\"name\":\"Sound\"}]},{\"@type\":\"WebSite\",\"@id\":\"https:\\\/\\\/avlife.es\\\/#website\",\"url\":\"https:\\\/\\\/avlife.es\\\/\",\"name\":\"Avlife\",\"description\":\"Soluciones audiovisuales integrales y alquiler de equipos para eventos y producciones: sonido, iluminaci\u00f3n, v\u00eddeo y equipo t\u00e9cnico profesional con resultados impecables.\",\"publisher\":{\"@id\":\"https:\\\/\\\/avlife.es\\\/#organization\"},\"alternateName\":\"Servicios audiovisuales para eventos, cine y publicidad\",\"potentialAction\":[{\"@type\":\"SearchAction\",\"target\":{\"@type\":\"EntryPoint\",\"urlTemplate\":\"https:\\\/\\\/avlife.es\\\/?s={search_term_string}\"},\"query-input\":{\"@type\":\"PropertyValueSpecification\",\"valueRequired\":true,\"valueName\":\"search_term_string\"}}],\"inLanguage\":\"en-US\"},{\"@type\":\"Organization\",\"@id\":\"https:\\\/\\\/avlife.es\\\/#organization\",\"name\":\"Avlife\",\"url\":\"https:\\\/\\\/avlife.es\\\/\",\"logo\":{\"@type\":\"ImageObject\",\"inLanguage\":\"en-US\",\"@id\":\"https:\\\/\\\/avlife.es\\\/#\\\/schema\\\/logo\\\/image\\\/\",\"url\":\"https:\\\/\\\/avlife.es\\\/wp-content\\\/uploads\\\/2025\\\/01\\\/cropped-Diseno-sin-titulo-3.png\",\"contentUrl\":\"https:\\\/\\\/avlife.es\\\/wp-content\\\/uploads\\\/2025\\\/01\\\/cropped-Diseno-sin-titulo-3.png\",\"width\":512,\"height\":512,\"caption\":\"Avlife\"},\"image\":{\"@id\":\"https:\\\/\\\/avlife.es\\\/#\\\/schema\\\/logo\\\/image\\\/\"}}]}<\/script>\n<!-- \/ Yoast SEO plugin. -->","yoast_head_json":{"title":"Sound | AV Life | Alquiler y soluciones audiovisuales profesionales para eventos","description":"SOUND Professional microphone and speaker equipment tailored to your needs.At Avlife we want to convey the peace of mind and confidence of working with","robots":{"index":"index","follow":"follow","max-snippet":"max-snippet:-1","max-image-preview":"max-image-preview:large","max-video-preview":"max-video-preview:-1"},"canonical":"https:\/\/avlife.es\/en\/sound\/","og_locale":"en_US","og_type":"article","og_title":"Sound | AV Life | Alquiler y soluciones audiovisuales profesionales para eventos","og_description":"SOUND Professional microphone and speaker equipment tailored to your needs.At Avlife we want to convey the peace of mind and confidence of working with","og_url":"https:\/\/avlife.es\/en\/sound\/","og_site_name":"AV Life | Alquiler y soluciones audiovisuales profesionales para eventos","article_modified_time":"2025-02-02T22:07:00+00:00","og_image":[{"url":"https:\/\/avlife.es\/wp-content\/uploads\/2025\/02\/20b490_044aa2eb024d43b8a3fbdf9282cc255emv2.jpg","type":"","width":"","height":""}],"twitter_card":"summary_large_image","twitter_misc":{"Est. reading time":"1 minute"},"schema":{"@context":"https:\/\/schema.org","@graph":[{"@type":"WebPage","@id":"https:\/\/avlife.es\/en\/sound\/","url":"https:\/\/avlife.es\/en\/sound\/","name":"Sound | AV Life | Alquiler y soluciones audiovisuales profesionales para eventos","isPartOf":{"@id":"https:\/\/avlife.es\/#website"},"primaryImageOfPage":{"@id":"https:\/\/avlife.es\/en\/sound\/#primaryimage"},"image":{"@id":"https:\/\/avlife.es\/en\/sound\/#primaryimage"},"thumbnailUrl":"https:\/\/avlife.es\/wp-content\/uploads\/2025\/02\/20b490_044aa2eb024d43b8a3fbdf9282cc255emv2.jpg","datePublished":"2025-01-26T17:00:13+00:00","dateModified":"2025-02-02T22:07:00+00:00","description":"SOUND Professional microphone and speaker equipment tailored to your needs.At Avlife we want to convey the peace of mind and confidence of working with","breadcrumb":{"@id":"https:\/\/avlife.es\/en\/sound\/#breadcrumb"},"inLanguage":"en-US","potentialAction":[{"@type":"ReadAction","target":["https:\/\/avlife.es\/en\/sound\/"]}]},{"@type":"ImageObject","inLanguage":"en-US","@id":"https:\/\/avlife.es\/en\/sound\/#primaryimage","url":"https:\/\/avlife.es\/wp-content\/uploads\/2025\/02\/20b490_044aa2eb024d43b8a3fbdf9282cc255emv2.jpg","contentUrl":"https:\/\/avlife.es\/wp-content\/uploads\/2025\/02\/20b490_044aa2eb024d43b8a3fbdf9282cc255emv2.jpg"},{"@type":"BreadcrumbList","@id":"https:\/\/avlife.es\/en\/sound\/#breadcrumb","itemListElement":[{"@type":"ListItem","position":1,"name":"Portada","item":"https:\/\/avlife.es\/en\/"},{"@type":"ListItem","position":2,"name":"Sound"}]},{"@type":"WebSite","@id":"https:\/\/avlife.es\/#website","url":"https:\/\/avlife.es\/","name":"Avlife","description":"Soluciones audiovisuales integrales y alquiler de equipos para eventos y producciones: sonido, iluminaci\u00f3n, v\u00eddeo y equipo t\u00e9cnico profesional con resultados impecables.","publisher":{"@id":"https:\/\/avlife.es\/#organization"},"alternateName":"Servicios audiovisuales para eventos, cine y publicidad","potentialAction":[{"@type":"SearchAction","target":{"@type":"EntryPoint","urlTemplate":"https:\/\/avlife.es\/?s={search_term_string}"},"query-input":{"@type":"PropertyValueSpecification","valueRequired":true,"valueName":"search_term_string"}}],"inLanguage":"en-US"},{"@type":"Organization","@id":"https:\/\/avlife.es\/#organization","name":"Avlife","url":"https:\/\/avlife.es\/","logo":{"@type":"ImageObject","inLanguage":"en-US","@id":"https:\/\/avlife.es\/#\/schema\/logo\/image\/","url":"https:\/\/avlife.es\/wp-content\/uploads\/2025\/01\/cropped-Diseno-sin-titulo-3.png","contentUrl":"https:\/\/avlife.es\/wp-content\/uploads\/2025\/01\/cropped-Diseno-sin-titulo-3.png","width":512,"height":512,"caption":"Avlife"},"image":{"@id":"https:\/\/avlife.es\/#\/schema\/logo\/image\/"}}]}},"_links":{"self":[{"href":"https:\/\/avlife.es\/en\/wp-json\/wp\/v2\/pages\/1450","targetHints":{"allow":["GET"]}}],"collection":[{"href":"https:\/\/avlife.es\/en\/wp-json\/wp\/v2\/pages"}],"about":[{"href":"https:\/\/avlife.es\/en\/wp-json\/wp\/v2\/types\/page"}],"author":[{"embeddable":true,"href":"https:\/\/avlife.es\/en\/wp-json\/wp\/v2\/users\/161"}],"replies":[{"embeddable":true,"href":"https:\/\/avlife.es\/en\/wp-json\/wp\/v2\/comments?post=1450"}],"version-history":[{"count":4,"href":"https:\/\/avlife.es\/en\/wp-json\/wp\/v2\/pages\/1450\/revisions"}],"predecessor-version":[{"id":1454,"href":"https:\/\/avlife.es\/en\/wp-json\/wp\/v2\/pages\/1450\/revisions\/1454"}],"up":[{"embeddable":true,"href":"https:\/\/avlife.es\/en\/wp-json\/wp\/v2\/pages\/1419"}],"wp:attachment":[{"href":"https:\/\/avlife.es\/en\/wp-json\/wp\/v2\/media?parent=1450"}],"curies":[{"name":"wp","href":"https:\/\/api.w.org\/{rel}","templated":true}]}}